{"id":5858,"date":"2026-04-14T14:47:44","date_gmt":"2026-04-14T11:47:44","guid":{"rendered":"https:\/\/netfikirhost.com\/website\/essplus\/?page_id=5858"},"modified":"2026-04-15T11:33:40","modified_gmt":"2026-04-15T08:33:40","slug":"hizmetlerimiz","status":"publish","type":"page","link":"https:\/\/netfikirhost.com\/website\/essplus\/hizmetlerimiz\/","title":{"rendered":"Hizmetlerimiz"},"content":{"rendered":"<div class=\"container my-5\"><div class=\"row\"><div class=\"col-md-4 mb-4\"><div class=\"card h-100 shadow-sm border-0 hizmet-card\"><img fetchpriority=\"high\" decoding=\"async\" width=\"300\" height=\"264\" src=\"https:\/\/netfikirhost.com\/website\/essplus\/wp-content\/uploads\/2026\/04\/epilasyon-300x264.jpg\" class=\"card-img-top wp-post-image\" alt=\"\" \/><div class=\"card-body text-center\"><h5 class=\"card-title fw-bold\">Epilasyon<\/h5><a href=\"https:\/\/netfikirhost.com\/website\/essplus\/hizmetlerimiz\/epilasyon\/\" class=\"btn btn-outline-primary btn-sm stretched-link\">\u0130ncele<\/a><\/div><\/div><\/div><div class=\"col-md-4 mb-4\"><div class=\"card h-100 shadow-sm border-0 hizmet-card\"><img decoding=\"async\" width=\"300\" height=\"264\" src=\"https:\/\/netfikirhost.com\/website\/essplus\/wp-content\/uploads\/2026\/04\/bolgesel-incelme-300x264.jpg\" class=\"card-img-top wp-post-image\" alt=\"\" \/><div class=\"card-body text-center\"><h5 class=\"card-title fw-bold\">B\u00f6lgesel \u0130ncelme<\/h5><a href=\"https:\/\/netfikirhost.com\/website\/essplus\/hizmetlerimiz\/bolgesel-incelme\/\" class=\"btn btn-outline-primary btn-sm stretched-link\">\u0130ncele<\/a><\/div><\/div><\/div><div class=\"col-md-4 mb-4\"><div class=\"card h-100 shadow-sm border-0 hizmet-card\"><img decoding=\"async\" width=\"300\" height=\"264\" src=\"https:\/\/netfikirhost.com\/website\/essplus\/wp-content\/uploads\/2026\/04\/anti-aging-cilt-genclestirme-300x264.jpg\" class=\"card-img-top wp-post-image\" alt=\"\" \/><div class=\"card-body text-center\"><h5 class=\"card-title fw-bold\">Anti-Aging (Cilt Gen\u00e7le\u015ftirme)<\/h5><a href=\"https:\/\/netfikirhost.com\/website\/essplus\/hizmetlerimiz\/anti-aging-cilt-genclestirme\/\" class=\"btn btn-outline-primary btn-sm stretched-link\">\u0130ncele<\/a><\/div><\/div><\/div><div class=\"col-md-4 mb-4\"><div class=\"card h-100 shadow-sm border-0 hizmet-card\"><img loading=\"lazy\" decoding=\"async\" width=\"300\" height=\"264\" src=\"https:\/\/netfikirhost.com\/website\/essplus\/wp-content\/uploads\/2026\/04\/cilt-problemleri-ve-leke-uygulamasi-300x264.jpg\" class=\"card-img-top wp-post-image\" alt=\"\" \/><div class=\"card-body text-center\"><h5 class=\"card-title fw-bold\">Cilt Problemleri ve Leke Uygulamas\u0131<\/h5><a href=\"https:\/\/netfikirhost.com\/website\/essplus\/hizmetlerimiz\/cilt-problemleri-ve-leke-uygulamasi\/\" class=\"btn btn-outline-primary btn-sm stretched-link\">\u0130ncele<\/a><\/div><\/div><\/div><div class=\"col-md-4 mb-4\"><div class=\"card h-100 shadow-sm border-0 hizmet-card\"><img loading=\"lazy\" decoding=\"async\" width=\"300\" height=\"264\" src=\"https:\/\/netfikirhost.com\/website\/essplus\/wp-content\/uploads\/2026\/04\/masaj-300x264.jpg\" class=\"card-img-top wp-post-image\" alt=\"\" \/><div class=\"card-body text-center\"><h5 class=\"card-title fw-bold\">Masaj<\/h5><a href=\"https:\/\/netfikirhost.com\/website\/essplus\/hizmetlerimiz\/masaj\/\" class=\"btn btn-outline-primary btn-sm stretched-link\">\u0130ncele<\/a><\/div><\/div><\/div><div class=\"col-md-4 mb-4\"><div class=\"card h-100 shadow-sm border-0 hizmet-card\"><img loading=\"lazy\" decoding=\"async\" width=\"300\" height=\"264\" src=\"https:\/\/netfikirhost.com\/website\/essplus\/wp-content\/uploads\/2026\/04\/kalici-makyaj-300x264.jpg\" class=\"card-img-top wp-post-image\" alt=\"\" \/><div class=\"card-body text-center\"><h5 class=\"card-title fw-bold\">Kal\u0131c\u0131 Makyaj<\/h5><a href=\"https:\/\/netfikirhost.com\/website\/essplus\/hizmetlerimiz\/kalici-makyaj\/\" class=\"btn btn-outline-primary btn-sm stretched-link\">\u0130ncele<\/a><\/div><\/div><\/div><div class=\"col-md-4 mb-4\"><div class=\"card h-100 shadow-sm border-0 hizmet-card\"><img loading=\"lazy\" decoding=\"async\" width=\"300\" height=\"264\" src=\"https:\/\/netfikirhost.com\/website\/essplus\/wp-content\/uploads\/2026\/04\/batik-mantar-300x264.jpg\" class=\"card-img-top wp-post-image\" alt=\"\" \/><div class=\"card-body text-center\"><h5 class=\"card-title fw-bold\">Bat\u0131k ve Mantar<\/h5><a href=\"https:\/\/netfikirhost.com\/website\/essplus\/hizmetlerimiz\/batik-ve-mantar\/\" class=\"btn btn-outline-primary btn-sm stretched-link\">\u0130ncele<\/a><\/div><\/div><\/div><div class=\"col-md-4 mb-4\"><div class=\"card h-100 shadow-sm border-0 hizmet-card\"><img loading=\"lazy\" decoding=\"async\" width=\"300\" height=\"264\" src=\"https:\/\/netfikirhost.com\/website\/essplus\/wp-content\/uploads\/2026\/04\/manikur-pedikur-300x264.jpg\" class=\"card-img-top wp-post-image\" alt=\"\" \/><div class=\"card-body text-center\"><h5 class=\"card-title fw-bold\">Manik\u00fcr - Pedik\u00fcr<\/h5><a href=\"https:\/\/netfikirhost.com\/website\/essplus\/hizmetlerimiz\/manikur-pedikur\/\" class=\"btn btn-outline-primary btn-sm stretched-link\">\u0130ncele<\/a><\/div><\/div><\/div><div class=\"col-md-4 mb-4\"><div class=\"card h-100 shadow-sm border-0 hizmet-card\"><img loading=\"lazy\" decoding=\"async\" width=\"300\" height=\"264\" src=\"https:\/\/netfikirhost.com\/website\/essplus\/wp-content\/uploads\/2026\/04\/el-ayak-bakimi-300x264.jpg\" class=\"card-img-top wp-post-image\" alt=\"\" \/><div class=\"card-body text-center\"><h5 class=\"card-title fw-bold\">El - Ayak Bak\u0131m\u0131<\/h5><a href=\"https:\/\/netfikirhost.com\/website\/essplus\/hizmetlerimiz\/el-ayak-bakimi\/\" class=\"btn btn-outline-primary btn-sm stretched-link\">\u0130ncele<\/a><\/div><\/div><\/div><div class=\"col-md-4 mb-4\"><div class=\"card h-100 shadow-sm border-0 hizmet-card\"><img loading=\"lazy\" decoding=\"async\" width=\"300\" height=\"264\" src=\"https:\/\/netfikirhost.com\/website\/essplus\/wp-content\/uploads\/2026\/04\/protez-tirnak-300x264.jpg\" class=\"card-img-top wp-post-image\" alt=\"\" \/><div class=\"card-body text-center\"><h5 class=\"card-title fw-bold\">Protez T\u0131rnak<\/h5><a href=\"https:\/\/netfikirhost.com\/website\/essplus\/hizmetlerimiz\/protez-tirnak\/\" class=\"btn btn-outline-primary btn-sm stretched-link\">\u0130ncele<\/a><\/div><\/div><\/div><div class=\"col-md-4 mb-4\"><div class=\"card h-100 shadow-sm border-0 hizmet-card\"><img loading=\"lazy\" decoding=\"async\" width=\"300\" height=\"264\" src=\"https:\/\/netfikirhost.com\/website\/essplus\/wp-content\/uploads\/2026\/04\/kayip-tirnak-300x264.jpg\" class=\"card-img-top wp-post-image\" alt=\"\" \/><div class=\"card-body text-center\"><h5 class=\"card-title fw-bold\">Kay\u0131p T\u0131rnak<\/h5><a href=\"https:\/\/netfikirhost.com\/website\/essplus\/hizmetlerimiz\/kayip-tirnak\/\" class=\"btn btn-outline-primary btn-sm stretched-link\">\u0130ncele<\/a><\/div><\/div><\/div><div class=\"col-md-4 mb-4\"><div class=\"card h-100 shadow-sm border-0 hizmet-card\"><img loading=\"lazy\" decoding=\"async\" width=\"300\" height=\"264\" src=\"https:\/\/netfikirhost.com\/website\/essplus\/wp-content\/uploads\/2026\/04\/kalici-oje-300x264.jpg\" class=\"card-img-top wp-post-image\" alt=\"\" \/><div class=\"card-body text-center\"><h5 class=\"card-title fw-bold\">Kal\u0131c\u0131 Oje<\/h5><a href=\"https:\/\/netfikirhost.com\/website\/essplus\/hizmetlerimiz\/kalici-oje\/\" class=\"btn btn-outline-primary btn-sm stretched-link\">\u0130ncele<\/a><\/div><\/div><\/div><div class=\"col-md-4 mb-4\"><div class=\"card h-100 shadow-sm border-0 hizmet-card\"><img loading=\"lazy\" decoding=\"async\" width=\"300\" height=\"264\" src=\"https:\/\/netfikirhost.com\/website\/essplus\/wp-content\/uploads\/2026\/04\/ipek-kirpik-300x264.jpg\" class=\"card-img-top wp-post-image\" alt=\"\" \/><div class=\"card-body text-center\"><h5 class=\"card-title fw-bold\">\u0130pek Kirpik<\/h5><a href=\"https:\/\/netfikirhost.com\/website\/essplus\/hizmetlerimiz\/ipek-kirpik\/\" class=\"btn btn-outline-primary btn-sm stretched-link\">\u0130ncele<\/a><\/div><\/div><\/div><div class=\"col-md-4 mb-4\"><div class=\"card h-100 shadow-sm border-0 hizmet-card\"><img loading=\"lazy\" decoding=\"async\" width=\"300\" height=\"264\" src=\"https:\/\/netfikirhost.com\/website\/essplus\/wp-content\/uploads\/2026\/04\/depilasyon-islemleri-300x264.jpg\" class=\"card-img-top wp-post-image\" alt=\"\" \/><div class=\"card-body text-center\"><h5 class=\"card-title fw-bold\">Depilasyon \u0130\u015flemleri (A\u011fda)<\/h5><a href=\"https:\/\/netfikirhost.com\/website\/essplus\/hizmetlerimiz\/depilasyon-islemleri-agda\/\" class=\"btn btn-outline-primary btn-sm stretched-link\">\u0130ncele<\/a><\/div><\/div><\/div><div class=\"col-md-4 mb-4\"><div class=\"card h-100 shadow-sm border-0 hizmet-card\"><img loading=\"lazy\" decoding=\"async\" width=\"300\" height=\"264\" src=\"https:\/\/netfikirhost.com\/website\/essplus\/wp-content\/uploads\/2026\/04\/kirpik-lifting-300x264.jpg\" class=\"card-img-top wp-post-image\" alt=\"\" \/><div class=\"card-body text-center\"><h5 class=\"card-title fw-bold\">Kirpik Lifting<\/h5><a href=\"https:\/\/netfikirhost.com\/website\/essplus\/hizmetlerimiz\/kirpik-lifting\/\" class=\"btn btn-outline-primary btn-sm stretched-link\">\u0130ncele<\/a><\/div><\/div><\/div><div class=\"col-md-4 mb-4\"><div class=\"card h-100 shadow-sm border-0 hizmet-card\"><img loading=\"lazy\" decoding=\"async\" width=\"300\" height=\"264\" src=\"https:\/\/netfikirhost.com\/website\/essplus\/wp-content\/uploads\/2026\/04\/ayak-detoksu-300x264.jpg\" class=\"card-img-top wp-post-image\" alt=\"\" \/><div class=\"card-body text-center\"><h5 class=\"card-title fw-bold\">Ayak Detoksu<\/h5><a href=\"https:\/\/netfikirhost.com\/website\/essplus\/hizmetlerimiz\/ayak-detoksu\/\" class=\"btn btn-outline-primary btn-sm stretched-link\">\u0130ncele<\/a><\/div><\/div><\/div><div class=\"col-md-4 mb-4\"><div class=\"card h-100 shadow-sm border-0 hizmet-card\"><img loading=\"lazy\" decoding=\"async\" width=\"300\" height=\"264\" src=\"https:\/\/netfikirhost.com\/website\/essplus\/wp-content\/uploads\/2026\/04\/kas-biyik-alimi-300x264.jpg\" class=\"card-img-top wp-post-image\" alt=\"\" \/><div class=\"card-body text-center\"><h5 class=\"card-title fw-bold\">Ka\u015f-B\u0131y\u0131k Al\u0131m\u0131<\/h5><a href=\"https:\/\/netfikirhost.com\/website\/essplus\/hizmetlerimiz\/kas-biyik-alimi\/\" class=\"btn btn-outline-primary btn-sm stretched-link\">\u0130ncele<\/a><\/div><\/div><\/div><div class=\"col-md-4 mb-4\"><div class=\"card h-100 shadow-sm border-0 hizmet-card\"><img loading=\"lazy\" decoding=\"async\" width=\"300\" height=\"264\" src=\"https:\/\/netfikirhost.com\/website\/essplus\/wp-content\/uploads\/2026\/04\/selulit-uygulamasi-300x264.jpg\" class=\"card-img-top wp-post-image\" alt=\"\" \/><div class=\"card-body text-center\"><h5 class=\"card-title fw-bold\">Sel\u00fclit Uygulamas\u0131<\/h5><a href=\"https:\/\/netfikirhost.com\/website\/essplus\/hizmetlerimiz\/selulit-uygulamasi\/\" class=\"btn btn-outline-primary btn-sm stretched-link\">\u0130ncele<\/a><\/div><\/div><\/div><div class=\"col-md-4 mb-4\"><div class=\"card h-100 shadow-sm border-0 hizmet-card\"><img loading=\"lazy\" decoding=\"async\" width=\"300\" height=\"264\" src=\"https:\/\/netfikirhost.com\/website\/essplus\/wp-content\/uploads\/2026\/04\/medikal-goz-cevresi-bakimi-300x264.jpg\" class=\"card-img-top wp-post-image\" alt=\"\" \/><div class=\"card-body text-center\"><h5 class=\"card-title fw-bold\">Medikal G\u00f6z \u00c7evresi Bak\u0131m\u0131<\/h5><a href=\"https:\/\/netfikirhost.com\/website\/essplus\/hizmetlerimiz\/medikal-goz-cevresi-bakimi\/\" class=\"btn btn-outline-primary btn-sm stretched-link\">\u0130ncele<\/a><\/div><\/div><\/div><div class=\"col-md-4 mb-4\"><div class=\"card h-100 shadow-sm border-0 hizmet-card\"><img loading=\"lazy\" decoding=\"async\" width=\"300\" height=\"264\" src=\"https:\/\/netfikirhost.com\/website\/essplus\/wp-content\/uploads\/2026\/04\/coax-ile-yuz-uyuleme-300x264.jpg\" class=\"card-img-top wp-post-image\" alt=\"\" \/><div class=\"card-body text-center\"><h5 class=\"card-title fw-bold\">Coax \u0130le Y\u00fcz \u00dct\u00fcleme<\/h5><a href=\"https:\/\/netfikirhost.com\/website\/essplus\/hizmetlerimiz\/coax-ile-yuz-utuleme\/\" class=\"btn btn-outline-primary btn-sm stretched-link\">\u0130ncele<\/a><\/div><\/div><\/div><div class=\"col-md-4 mb-4\"><div class=\"card h-100 shadow-sm border-0 hizmet-card\"><img loading=\"lazy\" decoding=\"async\" width=\"300\" height=\"264\" src=\"https:\/\/netfikirhost.com\/website\/essplus\/wp-content\/uploads\/2026\/04\/keratin-kirpik-bakimi-300x264.jpg\" class=\"card-img-top wp-post-image\" alt=\"\" \/><div class=\"card-body text-center\"><h5 class=\"card-title fw-bold\">Keratin Kirpik Bak\u0131m\u0131<\/h5><a href=\"https:\/\/netfikirhost.com\/website\/essplus\/hizmetlerimiz\/keratin-kirpik-bakimi\/\" class=\"btn btn-outline-primary btn-sm stretched-link\">\u0130ncele<\/a><\/div><\/div><\/div><div class=\"col-md-4 mb-4\"><div class=\"card h-100 shadow-sm border-0 hizmet-card\"><img loading=\"lazy\" decoding=\"async\" width=\"300\" height=\"264\" src=\"https:\/\/netfikirhost.com\/website\/essplus\/wp-content\/uploads\/2026\/04\/dermapen-uygulamasi-300x264.jpg\" class=\"card-img-top wp-post-image\" alt=\"\" \/><div class=\"card-body text-center\"><h5 class=\"card-title fw-bold\">Dermapen Uygulamas\u0131<\/h5><a href=\"https:\/\/netfikirhost.com\/website\/essplus\/hizmetlerimiz\/dermapen-uygulamasi\/\" class=\"btn btn-outline-primary btn-sm stretched-link\">\u0130ncele<\/a><\/div><\/div><\/div><div class=\"col-md-4 mb-4\"><div class=\"card h-100 shadow-sm border-0 hizmet-card\"><img loading=\"lazy\" decoding=\"async\" width=\"300\" height=\"264\" src=\"https:\/\/netfikirhost.com\/website\/essplus\/wp-content\/uploads\/2026\/04\/hollywood-bakimi-300x264.jpg\" class=\"card-img-top wp-post-image\" alt=\"\" \/><div class=\"card-body text-center\"><h5 class=\"card-title fw-bold\">Hollywood Bak\u0131m\u0131<\/h5><a href=\"https:\/\/netfikirhost.com\/website\/essplus\/hizmetlerimiz\/hollywood-bakimi\/\" class=\"btn btn-outline-primary btn-sm stretched-link\">\u0130ncele<\/a><\/div><\/div><\/div><div class=\"col-md-4 mb-4\"><div class=\"card h-100 shadow-sm border-0 hizmet-card\"><img loading=\"lazy\" decoding=\"async\" width=\"300\" height=\"264\" src=\"https:\/\/netfikirhost.com\/website\/essplus\/wp-content\/uploads\/2026\/04\/kavitasyon-300x264.jpg\" class=\"card-img-top wp-post-image\" alt=\"\" \/><div class=\"card-body text-center\"><h5 class=\"card-title fw-bold\">Kavitasyon<\/h5><a href=\"https:\/\/netfikirhost.com\/website\/essplus\/hizmetlerimiz\/kavitasyon\/\" class=\"btn btn-outline-primary btn-sm stretched-link\">\u0130ncele<\/a><\/div><\/div><\/div><div class=\"col-md-4 mb-4\"><div class=\"card h-100 shadow-sm border-0 hizmet-card\"><img loading=\"lazy\" decoding=\"async\" width=\"300\" height=\"264\" src=\"https:\/\/netfikirhost.com\/website\/essplus\/wp-content\/uploads\/2026\/04\/klasik-cilt-bakimi-300x264.jpg\" class=\"card-img-top wp-post-image\" alt=\"\" \/><div class=\"card-body text-center\"><h5 class=\"card-title fw-bold\">Klasik Cilt Bak\u0131m\u0131<\/h5><a href=\"https:\/\/netfikirhost.com\/website\/essplus\/hizmetlerimiz\/klasik-cilt-bakimi\/\" class=\"btn btn-outline-primary btn-sm stretched-link\">\u0130ncele<\/a><\/div><\/div><\/div><div class=\"col-md-4 mb-4\"><div class=\"card h-100 shadow-sm border-0 hizmet-card\"><img loading=\"lazy\" decoding=\"async\" width=\"300\" height=\"264\" src=\"https:\/\/netfikirhost.com\/website\/essplus\/wp-content\/uploads\/2026\/04\/sindirella-bakimi-300x264.jpg\" class=\"card-img-top wp-post-image\" alt=\"\" \/><div class=\"card-body text-center\"><h5 class=\"card-title fw-bold\">Sindirella Bak\u0131m\u0131<\/h5><a href=\"https:\/\/netfikirhost.com\/website\/essplus\/hizmetlerimiz\/sindirella-bakimi\/\" class=\"btn btn-outline-primary btn-sm stretched-link\">\u0130ncele<\/a><\/div><\/div><\/div><\/div><\/div>\n","protected":false},"excerpt":{"rendered":"","protected":false},"author":1,"featured_media":0,"parent":0,"menu_order":0,"comment_status":"closed","ping_status":"closed","template":"","meta":{"footnotes":""},"class_list":["post-5858","page","type-page","status-publish","hentry"],"_links":{"self":[{"href":"https:\/\/netfikirhost.com\/website\/essplus\/wp-json\/wp\/v2\/pages\/5858","targetHints":{"allow":["GET"]}}],"collection":[{"href":"https:\/\/netfikirhost.com\/website\/essplus\/wp-json\/wp\/v2\/pages"}],"about":[{"href":"https:\/\/netfikirhost.com\/website\/essplus\/wp-json\/wp\/v2\/types\/page"}],"author":[{"embeddable":true,"href":"https:\/\/netfikirhost.com\/website\/essplus\/wp-json\/wp\/v2\/users\/1"}],"replies":[{"embeddable":true,"href":"https:\/\/netfikirhost.com\/website\/essplus\/wp-json\/wp\/v2\/comments?post=5858"}],"version-history":[{"count":0,"href":"https:\/\/netfikirhost.com\/website\/essplus\/wp-json\/wp\/v2\/pages\/5858\/revisions"}],"wp:attachment":[{"href":"https:\/\/netfikirhost.com\/website\/essplus\/wp-json\/wp\/v2\/media?parent=5858"}],"curies":[{"name":"wp","href":"https:\/\/api.w.org\/{rel}","templated":true}]}}