{"id":5856,"date":"2026-04-14T14:47:15","date_gmt":"2026-04-14T11:47:15","guid":{"rendered":"https:\/\/netfikirhost.com\/website\/essplus\/klasik-cilt-bakimi\/"},"modified":"2026-04-14T15:35:57","modified_gmt":"2026-04-14T12:35:57","slug":"klasik-cilt-bakimi","status":"publish","type":"page","link":"https:\/\/netfikirhost.com\/website\/essplus\/hizmetlerimiz\/klasik-cilt-bakimi\/","title":{"rendered":"Klasik Cilt Bak\u0131m\u0131"},"content":{"rendered":"<p>KLAS\u0130K C\u0130LT BAKIMI Cilt bak\u0131m\u0131 hem estetik hem de \u00f6zellikle sa\u011fl\u0131k a\u00e7\u0131s\u0131ndan olduk\u00e7a \u00f6nemlidir cilt temizli\u011fine \u00f6nem vermek cildimizin ileriki ya\u015flarda k\u0131r\u0131\u015fmas\u0131n\u0131 \u00f6nemli \u00f6l\u00e7\u00fcde azaltacakt\u0131r \u00e7\u00fcnk\u00fc cildimizi olumsuz etkileyen bir \u00e7ok fakt\u00f6r vard\u0131r.Bunlar\u0131n ba\u015f\u0131nda makyaj,stres, sigara, ultraviyole \u0131\u015f\u0131nlar\u0131, dengesiz beslenme ve hava de\u011fi\u015fimleri gelmektedir. Her insan\u0131n cildi ayn\u0131 de\u011fildir bu y\u00fczden cilt bak\u0131m\u0131 yap\u0131lacak ki\u015finin cildi uzmanlar taraf\u0131ndan iyi analiz edilip, cildin ihtiyac\u0131na ve durumuna g\u00f6re \u00fcr\u00fcn kullan\u0131m\u0131 ve uygulama yapmak \u00e7ok \u00f6nemlidir. Cilt bak\u0131m\u0131 kullan\u0131lan profesyonel \u00fcr\u00fcnlerle uzman taraf\u0131ndan cildin ihtiyac\u0131na uygun olacak \u015fekilde derinlemesine temizleme i\u015flemidir. Temizlenmeyen cilt belli bir s\u00fcre sonra \u00f6l\u00fc h\u00fccrelerle kaplan\u0131r bu sebeple oksijensiz kalan cilt cans\u0131z sa\u011fl\u0131ks\u0131z oldu\u011fundan daha ya\u015fl\u0131 g\u00f6r\u00fcn\u00fcr cilt bak\u0131m\u0131 cildi temiz tutmak \u00f6l\u00fc h\u00fccreleri ar\u0131nd\u0131rarak cildin gen\u00e7 kalmas\u0131na yard\u0131mc\u0131 olmak i\u00e7in yap\u0131l\u0131r cildin herhangi bir problemi olmasa dahi( korumak ama\u00e7l\u0131) yirmili ya\u015flardan sonra t\u00fcm cilt tiplerine \u00f6nerilir. C\u0130LT BAKIMI \u015eU A\u015eAMALARLA UYGULANIR Cilt tipinize uygun temizleyiciler yard\u0131m\u0131yla ciltte biriken kir ve makyaj kal\u0131nt\u0131lar\u0131 temizlenir. Uzmanlar taraf\u0131ndan cildiniz analiz edilip cildinize uygun dermokozmetik \u00fcr\u00fcnler se\u00e7ilip cilt bak\u0131m\u0131 a\u015famas\u0131na ge\u00e7ilir Cildi \u00f6l\u00fc h\u00fccrelerden ar\u0131nd\u0131r\u0131p,h\u00fccre yenilenmesini sa\u011flamak amac\u0131yla bitkisel peeling uygulamas\u0131 yap\u0131l\u0131r. Cildin g\u00f6zeneklerini a\u00e7mak amac\u0131yla buhar tedavisi uygulan\u0131r G\u00f6zenekleri a\u00e7\u0131lm\u0131\u015f cilt siyah noktalardan ar\u0131nd\u0131r\u0131l\u0131r Cilt temizleme i\u015flemi bu a\u015famalardan ge\u00e7tikten sonra ciltte y\u00fcksek derecede canlanma ve parlakl\u0131k olu\u015fur Cilt temizli\u011finiz yap\u0131l\u0131p canland\u0131r\u0131ld\u0131ktan sonra cilt tipinize uygun serumlar,amp\u00fcller ve iyonteferez kullan\u0131m\u0131na ge\u00e7ilir Bu a\u015famalardan sonra cilt tipine uygun maske uygulan\u0131r ve maskenin bekleme s\u00fcresi bitiminde tonik yard\u0131m\u0131 ile g\u00f6zenekler s\u0131k\u0131\u015ft\u0131r\u0131l\u0131r Cilt bak\u0131m\u0131 ki\u015finin cilt tipine uygun nemlendirici kremlerin s\u00fcr\u00fcl\u00fcp masaj yap\u0131lmas\u0131yla son bulur B\u00f6ylece hem cildiniz canlan\u0131r,yenilenir ve rahatlamas\u0131 sa\u011flan\u0131r<\/p>\n","protected":false},"excerpt":{"rendered":"<p>KLAS\u0130K C\u0130LT BAKIMI Cilt bak\u0131m\u0131 hem estetik hem de \u00f6zellikle sa\u011fl\u0131k a\u00e7\u0131s\u0131ndan olduk\u00e7a \u00f6nemlidir cilt temizli\u011fine \u00f6nem vermek cildimizin ileriki ya\u015flarda k\u0131r\u0131\u015fmas\u0131n\u0131 \u00f6nemli \u00f6l\u00e7\u00fcde azaltacakt\u0131r \u00e7\u00fcnk\u00fc cildimizi olumsuz etkileyen bir \u00e7ok fakt\u00f6r vard\u0131r.Bunlar\u0131n ba\u015f\u0131nda makyaj,stres, sigara, ultraviyole \u0131\u015f\u0131nlar\u0131, dengesiz beslenme ve hava de\u011fi\u015fimleri gelmektedir. Her insan\u0131n cildi ayn\u0131 de\u011fildir bu y\u00fczden cilt bak\u0131m\u0131 yap\u0131lacak ki\u015finin [&hellip;]<\/p>\n","protected":false},"author":1,"featured_media":5903,"parent":5858,"menu_order":0,"comment_status":"closed","ping_status":"closed","template":"","meta":{"footnotes":""},"class_list":["post-5856","page","type-page","status-publish","has-post-thumbnail","hentry"],"_links":{"self":[{"href":"https:\/\/netfikirhost.com\/website\/essplus\/wp-json\/wp\/v2\/pages\/5856","targetHints":{"allow":["GET"]}}],"collection":[{"href":"https:\/\/netfikirhost.com\/website\/essplus\/wp-json\/wp\/v2\/pages"}],"about":[{"href":"https:\/\/netfikirhost.com\/website\/essplus\/wp-json\/wp\/v2\/types\/page"}],"author":[{"embeddable":true,"href":"https:\/\/netfikirhost.com\/website\/essplus\/wp-json\/wp\/v2\/users\/1"}],"replies":[{"embeddable":true,"href":"https:\/\/netfikirhost.com\/website\/essplus\/wp-json\/wp\/v2\/comments?post=5856"}],"version-history":[{"count":0,"href":"https:\/\/netfikirhost.com\/website\/essplus\/wp-json\/wp\/v2\/pages\/5856\/revisions"}],"up":[{"embeddable":true,"href":"https:\/\/netfikirhost.com\/website\/essplus\/wp-json\/wp\/v2\/pages\/5858"}],"wp:featuredmedia":[{"embeddable":true,"href":"https:\/\/netfikirhost.com\/website\/essplus\/wp-json\/wp\/v2\/media\/5903"}],"wp:attachment":[{"href":"https:\/\/netfikirhost.com\/website\/essplus\/wp-json\/wp\/v2\/media?parent=5856"}],"curies":[{"name":"wp","href":"https:\/\/api.w.org\/{rel}","templated":true}]}}