{"id":5855,"date":"2026-04-14T14:47:15","date_gmt":"2026-04-14T11:47:15","guid":{"rendered":"https:\/\/netfikirhost.com\/website\/essplus\/kavitasyon\/"},"modified":"2026-04-14T15:31:22","modified_gmt":"2026-04-14T12:31:22","slug":"kavitasyon","status":"publish","type":"page","link":"https:\/\/netfikirhost.com\/website\/essplus\/hizmetlerimiz\/kavitasyon\/","title":{"rendered":"Kavitasyon"},"content":{"rendered":"<p>VAKUM C\u0130HAZI Kavitasyon uygulamas\u0131 \u00f6ncesinde \u00e7al\u0131\u015f\u0131lacak b\u00f6lgede ortalama 10 dakika vakum y\u00f6ntemi yap\u0131l\u0131r vakum; v\u00fccutta bulunan suyun y\u00fczeye \u00e7ekilmesini sa\u011flar ve b\u00f6ylelikle i\u015flem yap\u0131lacak b\u00f6lge kavitasyona haz\u0131rlanm\u0131\u015f olur. KAV\u0130TASYON UYGULAMASI Kavitasyon; Ultrasonix ses dalgas\u0131 ve \u0131s\u0131 y\u00f6ntemi ile b\u00f6lgesel incelme i\u015flemidir.\u0130\u015flem s\u0131ras\u0131nda uygulama yap\u0131lan b\u00f6lgenin y\u00fczeyi 40 derece \u0131s\u0131ya y\u00fckselir bu sayede ya\u011f dokusu iki kat\u0131 \u0131s\u0131n\u0131r i\u015flem \u00f6ncesi bol miktarda su t\u00fcketilmesi \u00f6nerilir. Ses dalgalar\u0131 ya\u011f h\u00fccrelerinde odaklanarak mekanik etki ile ya\u011f h\u00fccreleri zar\u0131n\u0131 par\u00e7alar ve ya\u011flar\u0131 s\u0131v\u0131la\u015ft\u0131r\u0131r bu etki v\u00fccutta depolanm\u0131\u015f ya\u011flar\u0131n yap\u0131s\u0131n\u0131 bozar. S\u0131v\u0131la\u015fan ya\u011flar lenf yoluyla v\u00fccudumuzdan at\u0131l\u0131r. Patlayan ya\u011f h\u00fccrelerinin yerini kolejen dolgusu ald\u0131\u011f\u0131ndan cilt dokusunda yenilenme ve s\u0131k\u0131la\u015fma meydana gelir ayr\u0131ca b\u00f6lgedeki ya\u011flar par\u00e7aland\u0131\u011f\u0131ndan b\u00f6lgede ciddi bir incelme olu\u015fur. SON\u0130X Sonix; cihaz\u0131n\u0131n en b\u00fcy\u00fck etkisi v\u00fccudumuzda bulunan uzun ve k\u0131sa t\u00fcm kaslar\u0131n \u00e7al\u0131\u015fmas\u0131n\u0131 sa\u011flamas\u0131 bu sayede 90 dakikada yap\u0131lacak bir sporu 10 dakikal\u0131k bir s\u00fcre i\u00e7erisinde sonix cihaz\u0131 ile tamamlam\u0131\u015f oluyoruz kavitasyon i\u015fleminde yakt\u0131\u011f\u0131m\u0131z ya\u011flar\u0131n par\u00e7alanmas\u0131na yard\u0131mc\u0131 ve ayr\u0131ca v\u00fccut \u015fekillenmesine destek verici bir cihazd\u0131r her kavitasyon uygulamas\u0131 sonras\u0131 10 dakika sonix cihaz\u0131 ile \u00e7al\u0131\u015fma yap\u0131l\u0131r. LENF DRENAJ V\u00fccuttaki lenfatik ve ven\u00f6z dola\u015f\u0131m\u0131n\u0131 d\u00fczene koyan bir masaj cihaz\u0131d\u0131r damarlar aras\u0131nda biriken s\u0131v\u0131 dreneje edilir v\u00fccutta olu\u015fan \u00f6demin ve toksinlerin at\u0131lmas\u0131nda , kan dola\u015f\u0131m\u0131n\u0131n d\u00fczenlenmesinde, sel\u00fclit tedavisinde, v\u00fccut s\u0131k\u0131la\u015fmas\u0131nda, b\u00f6lgesel incelmede (kavitasyon sonras\u0131 par\u00e7alanan ya\u011flar\u0131n at\u0131l\u0131m\u0131) kullan\u0131lan bir cihazd\u0131r. Lenf noktalar\u0131m\u0131z v\u00fccudumuzda bulunan en tembel \u00e7al\u0131\u015fan noktalar\u0131m\u0131zd\u0131r bunlar\u0131 harekete ge\u00e7irip ter at\u0131l\u0131m\u0131n\u0131 sa\u011flamak i\u00e7in masaj yap\u0131lmas\u0131 gerekmektedir. Lenf drenaj yata\u011f\u0131nda 20 dakika boyunca bask\u0131l\u0131 bir \u015fekilde yap\u0131lan masaj sayesinde kavitasyonda yak\u0131lm\u0131\u015f , sonix de par\u00e7alanm\u0131\u015f ya\u011flar\u0131n lenf drenaj sayesinde at\u0131l\u0131m\u0131 ger\u00e7ekle\u015ftirilir.<\/p>\n","protected":false},"excerpt":{"rendered":"<p>VAKUM C\u0130HAZI Kavitasyon uygulamas\u0131 \u00f6ncesinde \u00e7al\u0131\u015f\u0131lacak b\u00f6lgede ortalama 10 dakika vakum y\u00f6ntemi yap\u0131l\u0131r vakum; v\u00fccutta bulunan suyun y\u00fczeye \u00e7ekilmesini sa\u011flar ve b\u00f6ylelikle i\u015flem yap\u0131lacak b\u00f6lge kavitasyona haz\u0131rlanm\u0131\u015f olur. KAV\u0130TASYON UYGULAMASI Kavitasyon; Ultrasonix ses dalgas\u0131 ve \u0131s\u0131 y\u00f6ntemi ile b\u00f6lgesel incelme i\u015flemidir.\u0130\u015flem s\u0131ras\u0131nda uygulama yap\u0131lan b\u00f6lgenin y\u00fczeyi 40 derece \u0131s\u0131ya y\u00fckselir bu sayede ya\u011f dokusu iki [&hellip;]<\/p>\n","protected":false},"author":1,"featured_media":5899,"parent":5858,"menu_order":0,"comment_status":"closed","ping_status":"closed","template":"","meta":{"footnotes":""},"class_list":["post-5855","page","type-page","status-publish","has-post-thumbnail","hentry"],"_links":{"self":[{"href":"https:\/\/netfikirhost.com\/website\/essplus\/wp-json\/wp\/v2\/pages\/5855","targetHints":{"allow":["GET"]}}],"collection":[{"href":"https:\/\/netfikirhost.com\/website\/essplus\/wp-json\/wp\/v2\/pages"}],"about":[{"href":"https:\/\/netfikirhost.com\/website\/essplus\/wp-json\/wp\/v2\/types\/page"}],"author":[{"embeddable":true,"href":"https:\/\/netfikirhost.com\/website\/essplus\/wp-json\/wp\/v2\/users\/1"}],"replies":[{"embeddable":true,"href":"https:\/\/netfikirhost.com\/website\/essplus\/wp-json\/wp\/v2\/comments?post=5855"}],"version-history":[{"count":0,"href":"https:\/\/netfikirhost.com\/website\/essplus\/wp-json\/wp\/v2\/pages\/5855\/revisions"}],"up":[{"embeddable":true,"href":"https:\/\/netfikirhost.com\/website\/essplus\/wp-json\/wp\/v2\/pages\/5858"}],"wp:featuredmedia":[{"embeddable":true,"href":"https:\/\/netfikirhost.com\/website\/essplus\/wp-json\/wp\/v2\/media\/5899"}],"wp:attachment":[{"href":"https:\/\/netfikirhost.com\/website\/essplus\/wp-json\/wp\/v2\/media?parent=5855"}],"curies":[{"name":"wp","href":"https:\/\/api.w.org\/{rel}","templated":true}]}}