{"id":5854,"date":"2026-04-14T14:47:15","date_gmt":"2026-04-14T11:47:15","guid":{"rendered":"https:\/\/netfikirhost.com\/website\/essplus\/hollywood-bakimi\/"},"modified":"2026-04-14T15:30:50","modified_gmt":"2026-04-14T12:30:50","slug":"hollywood-bakimi","status":"publish","type":"page","link":"https:\/\/netfikirhost.com\/website\/essplus\/hizmetlerimiz\/hollywood-bakimi\/","title":{"rendered":"Hollywood Bak\u0131m\u0131"},"content":{"rendered":"<p>HOLYWOOD BAKIMI SNOWCEEL ENZ\u0130M PEEL\u0130NG Her cilt tipine d\u00f6rt mevsim uygulanabilen renk a\u00e7\u0131c\u0131, leke engelleyici, anti-aging etkili peeling bak\u0131md\u0131r kimyasal peelingler hasar g\u00f6rm\u00fc\u015f cildin \u00fcst tabakas\u0131n\u0131 soyarak etki eder bu durum cildin hassasla\u015fmas\u0131na epidermisin incelmesine sebep olur enzim peeling ise ciltte lekelenmeye neden olan enzimi bask\u0131layarak cilt renginin a\u00e7\u0131lmas\u0131n\u0131 sa\u011flar, soyucu etkisi yok denecek kadar az oldu\u011fundan ki\u015fi g\u00fcnl\u00fck ya\u015fant\u0131s\u0131na hemen devam edebilir. ENZ\u0130M PEEL\u0130NG\u0130N AVANTAJLARI Leke tedavisinde etkili k\u0131sa s\u00fcrede sonu\u00e7 al\u0131n\u0131r Uygulama ac\u0131s\u0131z ve yang\u0131s\u0131zd\u0131r Her cilt tipine uygulan\u0131r D\u00f6rt mevsim uygulanabilir HANG\u0130 LEKELERDE UYGULANIR G\u00fcne\u015f kaynakl\u0131 olu\u015fan lekeler Hormonal kaynakl\u0131 lekeler Gebelik lekeleri (Melozma) Ya\u015fl\u0131l\u0131k lekeleri (Lenfigolar) Akne lekeleri Ciltte olu\u015fan ton bozukluklar\u0131 ETK\u0130LER\u0130 NELERD\u0130R Renk a\u00e7ma Leke engelleme Cilt yenileme Cildi besleme K\u0131r\u0131\u015f\u0131kl\u0131k Ba\u011f\u0131\u015f\u0131kl\u0131k Cilt tonunu dengeleme Yo\u011fun nemlendirme<\/p>\n","protected":false},"excerpt":{"rendered":"<p>HOLYWOOD BAKIMI SNOWCEEL ENZ\u0130M PEEL\u0130NG Her cilt tipine d\u00f6rt mevsim uygulanabilen renk a\u00e7\u0131c\u0131, leke engelleyici, anti-aging etkili peeling bak\u0131md\u0131r kimyasal peelingler hasar g\u00f6rm\u00fc\u015f cildin \u00fcst tabakas\u0131n\u0131 soyarak etki eder bu durum cildin hassasla\u015fmas\u0131na epidermisin incelmesine sebep olur enzim peeling ise ciltte lekelenmeye neden olan enzimi bask\u0131layarak cilt renginin a\u00e7\u0131lmas\u0131n\u0131 sa\u011flar, soyucu etkisi yok denecek kadar [&hellip;]<\/p>\n","protected":false},"author":1,"featured_media":5894,"parent":5858,"menu_order":0,"comment_status":"closed","ping_status":"closed","template":"","meta":{"footnotes":""},"class_list":["post-5854","page","type-page","status-publish","has-post-thumbnail","hentry"],"_links":{"self":[{"href":"https:\/\/netfikirhost.com\/website\/essplus\/wp-json\/wp\/v2\/pages\/5854","targetHints":{"allow":["GET"]}}],"collection":[{"href":"https:\/\/netfikirhost.com\/website\/essplus\/wp-json\/wp\/v2\/pages"}],"about":[{"href":"https:\/\/netfikirhost.com\/website\/essplus\/wp-json\/wp\/v2\/types\/page"}],"author":[{"embeddable":true,"href":"https:\/\/netfikirhost.com\/website\/essplus\/wp-json\/wp\/v2\/users\/1"}],"replies":[{"embeddable":true,"href":"https:\/\/netfikirhost.com\/website\/essplus\/wp-json\/wp\/v2\/comments?post=5854"}],"version-history":[{"count":0,"href":"https:\/\/netfikirhost.com\/website\/essplus\/wp-json\/wp\/v2\/pages\/5854\/revisions"}],"up":[{"embeddable":true,"href":"https:\/\/netfikirhost.com\/website\/essplus\/wp-json\/wp\/v2\/pages\/5858"}],"wp:featuredmedia":[{"embeddable":true,"href":"https:\/\/netfikirhost.com\/website\/essplus\/wp-json\/wp\/v2\/media\/5894"}],"wp:attachment":[{"href":"https:\/\/netfikirhost.com\/website\/essplus\/wp-json\/wp\/v2\/media?parent=5854"}],"curies":[{"name":"wp","href":"https:\/\/api.w.org\/{rel}","templated":true}]}}