{"id":5853,"date":"2026-04-14T14:47:15","date_gmt":"2026-04-14T11:47:15","guid":{"rendered":"https:\/\/netfikirhost.com\/website\/essplus\/dermapen-uygulamasi\/"},"modified":"2026-04-14T15:30:43","modified_gmt":"2026-04-14T12:30:43","slug":"dermapen-uygulamasi","status":"publish","type":"page","link":"https:\/\/netfikirhost.com\/website\/essplus\/hizmetlerimiz\/dermapen-uygulamasi\/","title":{"rendered":"Dermapen Uygulamas\u0131"},"content":{"rendered":"<p>Dermapen Uygulamas\u0131 Cildi s\u0131k\u0131la\u015ft\u0131rmak ve daha din\u00e7 bir g\u00f6r\u00fcn\u00fcm elde etmek i\u00e7in tercih edilen Dermapen y\u00f6ntemi 2012 y\u0131l\u0131nda ABD&#x27;de y\u0131l\u0131n en iyi cilt gen\u00e7le\u015ftirme sistemi se\u00e7ildi.Ge\u00e7mi\u015fi antik \u00c7in tarihine kadar uzanan ve \u00c7in Prensseslerine uygulanan mikroi\u011fne sisteminin modern t\u0131pta birle\u015ftirilmi\u015f hali olan Dermapen ; t\u00fcm cilt tiplerine uygulanabilen bir y\u00f6ntemdir.Dermapen cihaz\u0131n\u0131n dizayn\u0131, burun kenar\u0131, g\u00f6z \u00e7evresi, dudak \u00e7evresi gibi ula\u015f\u0131lmas\u0131 g\u00fc\u00e7 b\u00f6lgelerin tedavi edilebilmesini sa\u011flar, ayr\u0131ca ciltte yan\u0131k,leke yada iz olu\u015fturma riski olmayan bir uygulamad\u0131r. ETK\u0130LER\u0130 C\u0130LT LEKELER\u0130N\u0130N GEN\u0130\u015eLEM\u0130\u015e G\u00d6ZENEKLER\u0130N \u0130NCE \u00c7\u0130ZG\u0130 VE KIRI\u015eIKLIKLARIN AKNE-SKAR \u0130ZLER\u0130N\u0130N SU \u00c7\u0130\u00c7E\u011e\u0130 \u0130ZLER\u0130N\u0130N \u00c7ATLAKLAR VE CERRAH\u0130 SONRASI \u0130ZLER\u0130N\u0130N BEL\u0130RG\u0130NL\u0130\u011e\u0130N\u0130 AZALTIR C\u0130LD\u0130 SIKILA\u015eTIRIR C\u0130LD\u0130N KOLEJEN \u00dcRET\u0130M\u0130N\u0130 ARTTIRIR C\u0130LD\u0130N ELAST\u0130N SENTEZ\u0130N\u0130 SA\u011eLAR C\u0130LD\u0130N KAN DOLA\u015eIMINI ARTTIRIR C\u0130LT \u00dcZER\u0130NDE \u0130Y\u0130LE\u015eME VE GEN\u00c7LE\u015eT\u0130RME SA\u011eLAR<\/p>\n","protected":false},"excerpt":{"rendered":"<p>Dermapen Uygulamas\u0131 Cildi s\u0131k\u0131la\u015ft\u0131rmak ve daha din\u00e7 bir g\u00f6r\u00fcn\u00fcm elde etmek i\u00e7in tercih edilen Dermapen y\u00f6ntemi 2012 y\u0131l\u0131nda ABD&#x27;de y\u0131l\u0131n en iyi cilt gen\u00e7le\u015ftirme sistemi se\u00e7ildi.Ge\u00e7mi\u015fi antik \u00c7in tarihine kadar uzanan ve \u00c7in Prensseslerine uygulanan mikroi\u011fne sisteminin modern t\u0131pta birle\u015ftirilmi\u015f hali olan Dermapen ; t\u00fcm cilt tiplerine uygulanabilen bir y\u00f6ntemdir.Dermapen cihaz\u0131n\u0131n dizayn\u0131, burun kenar\u0131, g\u00f6z [&hellip;]<\/p>\n","protected":false},"author":1,"featured_media":5891,"parent":5858,"menu_order":0,"comment_status":"closed","ping_status":"closed","template":"","meta":{"footnotes":""},"class_list":["post-5853","page","type-page","status-publish","has-post-thumbnail","hentry"],"_links":{"self":[{"href":"https:\/\/netfikirhost.com\/website\/essplus\/wp-json\/wp\/v2\/pages\/5853","targetHints":{"allow":["GET"]}}],"collection":[{"href":"https:\/\/netfikirhost.com\/website\/essplus\/wp-json\/wp\/v2\/pages"}],"about":[{"href":"https:\/\/netfikirhost.com\/website\/essplus\/wp-json\/wp\/v2\/types\/page"}],"author":[{"embeddable":true,"href":"https:\/\/netfikirhost.com\/website\/essplus\/wp-json\/wp\/v2\/users\/1"}],"replies":[{"embeddable":true,"href":"https:\/\/netfikirhost.com\/website\/essplus\/wp-json\/wp\/v2\/comments?post=5853"}],"version-history":[{"count":0,"href":"https:\/\/netfikirhost.com\/website\/essplus\/wp-json\/wp\/v2\/pages\/5853\/revisions"}],"up":[{"embeddable":true,"href":"https:\/\/netfikirhost.com\/website\/essplus\/wp-json\/wp\/v2\/pages\/5858"}],"wp:featuredmedia":[{"embeddable":true,"href":"https:\/\/netfikirhost.com\/website\/essplus\/wp-json\/wp\/v2\/media\/5891"}],"wp:attachment":[{"href":"https:\/\/netfikirhost.com\/website\/essplus\/wp-json\/wp\/v2\/media?parent=5853"}],"curies":[{"name":"wp","href":"https:\/\/api.w.org\/{rel}","templated":true}]}}