{"id":5851,"date":"2026-04-14T14:47:15","date_gmt":"2026-04-14T11:47:15","guid":{"rendered":"https:\/\/netfikirhost.com\/website\/essplus\/coax-ile-yuz-utuleme\/"},"modified":"2026-04-14T15:30:38","modified_gmt":"2026-04-14T12:30:38","slug":"coax-ile-yuz-utuleme","status":"publish","type":"page","link":"https:\/\/netfikirhost.com\/website\/essplus\/hizmetlerimiz\/coax-ile-yuz-utuleme\/","title":{"rendered":"Coax \u0130le Y\u00fcz \u00dct\u00fcleme"},"content":{"rendered":"<p>COAX \u0130LE Y\u00dcZ \u00dcT\u00dcLEME Ya\u015f\u0131m\u0131z ilerledik\u00e7e ciltte sarkmalar ve k\u0131r\u0131\u015f\u0131kl\u0131klar ka\u00e7\u0131n\u0131lmaz hale gelir.Oysa hep daha gen\u00e7 ve daha diri g\u00f6r\u00fcnmek isteriz bu nedenle cildimize bir tak\u0131m cerrahi i\u015flemler yapt\u0131rmak zorunda kal\u0131r\u0131z. Ac\u0131s\u0131z, i\u011fnesiz,a\u011fr\u0131s\u0131z,ve ameliyats\u0131z gencecik bir cilde sahip olmak istiyorsan\u0131z cilt \u00fct\u00fcleme y\u00f6ntemi tam size g\u00f6re. Cilt \u00fct\u00fcleme y\u00f6ntemi ile cildinizin 10 ya\u015f daha gen\u00e7 g\u00f6r\u00fcn\u00fcm\u00fc m\u00fcmk\u00fcn. Y\u00fcz boyun ve dekolte b\u00f6lgesine, ciltte olu\u015fmu\u015f ince ve orta derece k\u0131r\u0131\u015f\u0131kl\u0131klarda tercih edilen bu y\u00f6ntem ciltteki kolejen sentezini artt\u0131rarak cilt gen\u00e7le\u015ftirme etkisinin kal\u0131c\u0131 olmas\u0131n\u0131 sa\u011flar. Cilt \u00fct\u00fcleme y\u00f6ntemi cilde \u0131s\u0131 vererek yap\u0131lan bir uygulamad\u0131r.Uzmanlar\u0131m\u0131z ciltte gezdirdi\u011fi bir cihazla cilde \u0131s\u0131 verir verilen y\u00fcksek \u0131s\u0131 hissi ciltteki kolejenlerin s\u0131k\u0131la\u015fmas\u0131n\u0131 sa\u011flar \u00fct\u00fcleme y\u00f6nteminde ki\u015fi seanstan \u00e7\u0131kt\u0131\u011f\u0131 anda cildindeki fark\u0131 g\u00f6r\u00fcr ve g\u00fcnl\u00fck hayat\u0131na hemen geri d\u00f6nebilir.Rahat konforlu ve son derece g\u00fcvenli bir uygulamad\u0131r. Cilt \u00fct\u00fcleme hem kad\u0131nlara hem erkeklere rahatl\u0131kla uygulad\u0131\u011f\u0131m\u0131z ve olduk\u00e7a etkili sonu\u00e7lar ald\u0131\u011f\u0131m\u0131z bir y\u00f6ntemdir ciltte olu\u015fmu\u015f olan k\u0131r\u0131\u015f\u0131kl\u0131k derecesine ve yo\u011funlu\u011funa g\u00f6re uygulan\u0131cak seanslar ve seans aral\u0131klar\u0131 uzmanlar\u0131m\u0131z taraf\u0131ndan belirlenir.<\/p>\n","protected":false},"excerpt":{"rendered":"<p>COAX \u0130LE Y\u00dcZ \u00dcT\u00dcLEME Ya\u015f\u0131m\u0131z ilerledik\u00e7e ciltte sarkmalar ve k\u0131r\u0131\u015f\u0131kl\u0131klar ka\u00e7\u0131n\u0131lmaz hale gelir.Oysa hep daha gen\u00e7 ve daha diri g\u00f6r\u00fcnmek isteriz bu nedenle cildimize bir tak\u0131m cerrahi i\u015flemler yapt\u0131rmak zorunda kal\u0131r\u0131z. Ac\u0131s\u0131z, i\u011fnesiz,a\u011fr\u0131s\u0131z,ve ameliyats\u0131z gencecik bir cilde sahip olmak istiyorsan\u0131z cilt \u00fct\u00fcleme y\u00f6ntemi tam size g\u00f6re. Cilt \u00fct\u00fcleme y\u00f6ntemi ile cildinizin 10 ya\u015f daha gen\u00e7 [&hellip;]<\/p>\n","protected":false},"author":1,"featured_media":5912,"parent":5858,"menu_order":0,"comment_status":"closed","ping_status":"closed","template":"","meta":{"footnotes":""},"class_list":["post-5851","page","type-page","status-publish","has-post-thumbnail","hentry"],"_links":{"self":[{"href":"https:\/\/netfikirhost.com\/website\/essplus\/wp-json\/wp\/v2\/pages\/5851","targetHints":{"allow":["GET"]}}],"collection":[{"href":"https:\/\/netfikirhost.com\/website\/essplus\/wp-json\/wp\/v2\/pages"}],"about":[{"href":"https:\/\/netfikirhost.com\/website\/essplus\/wp-json\/wp\/v2\/types\/page"}],"author":[{"embeddable":true,"href":"https:\/\/netfikirhost.com\/website\/essplus\/wp-json\/wp\/v2\/users\/1"}],"replies":[{"embeddable":true,"href":"https:\/\/netfikirhost.com\/website\/essplus\/wp-json\/wp\/v2\/comments?post=5851"}],"version-history":[{"count":0,"href":"https:\/\/netfikirhost.com\/website\/essplus\/wp-json\/wp\/v2\/pages\/5851\/revisions"}],"up":[{"embeddable":true,"href":"https:\/\/netfikirhost.com\/website\/essplus\/wp-json\/wp\/v2\/pages\/5858"}],"wp:featuredmedia":[{"embeddable":true,"href":"https:\/\/netfikirhost.com\/website\/essplus\/wp-json\/wp\/v2\/media\/5912"}],"wp:attachment":[{"href":"https:\/\/netfikirhost.com\/website\/essplus\/wp-json\/wp\/v2\/media?parent=5851"}],"curies":[{"name":"wp","href":"https:\/\/api.w.org\/{rel}","templated":true}]}}