{"id":5850,"date":"2026-04-14T14:47:15","date_gmt":"2026-04-14T11:47:15","guid":{"rendered":"https:\/\/netfikirhost.com\/website\/essplus\/medikal-goz-cevresi-bakimi\/"},"modified":"2026-04-14T15:36:01","modified_gmt":"2026-04-14T12:36:01","slug":"medikal-goz-cevresi-bakimi","status":"publish","type":"page","link":"https:\/\/netfikirhost.com\/website\/essplus\/hizmetlerimiz\/medikal-goz-cevresi-bakimi\/","title":{"rendered":"Medikal G\u00f6z \u00c7evresi Bak\u0131m\u0131"},"content":{"rendered":"<p>MED\u0130KAL G\u00d6Z \u00c7EVRES\u0130 BAKIMI EYECELL K\u0130T UYGULAMASI Eyecell b\u00fcy\u00fcme fakt\u00f6rlerinden,botanik k\u00f6k h\u00fccre ekstratlar\u0131ndan ve biyo-peptidlerden olu\u015fan g\u00f6z alt\u0131 morluklar\u0131nda, g\u00f6z alt\u0131 \u00f6demlerinde ve ince kaz aya\u011f\u0131 k\u0131r\u0131\u015f\u0131kl\u0131klar\u0131nda \u00f6zel Eyeroller&#x27;\u0131 olan farkl\u0131 g\u00f6z \u00e7evresi bak\u0131m konseptidir. ETK\u0130LER\u0130 G\u00d6Z \u00c7EVRES\u0130NDE P\u0130GMENTASYON BOZUKLU\u011eU KAZ AYA\u011eINDA \u0130NCE \u00c7\u0130ZG\u0130 VE KIRI\u015eIKLIK G\u00d6Z ALTI MORLUKLARI G\u00d6Z ALTINDA TORBALANMA, HALKALANMA, \u015e\u0130\u015eL\u0130K<\/p>\n","protected":false},"excerpt":{"rendered":"<p>MED\u0130KAL G\u00d6Z \u00c7EVRES\u0130 BAKIMI EYECELL K\u0130T UYGULAMASI Eyecell b\u00fcy\u00fcme fakt\u00f6rlerinden,botanik k\u00f6k h\u00fccre ekstratlar\u0131ndan ve biyo-peptidlerden olu\u015fan g\u00f6z alt\u0131 morluklar\u0131nda, g\u00f6z alt\u0131 \u00f6demlerinde ve ince kaz aya\u011f\u0131 k\u0131r\u0131\u015f\u0131kl\u0131klar\u0131nda \u00f6zel Eyeroller&#x27;\u0131 olan farkl\u0131 g\u00f6z \u00e7evresi bak\u0131m konseptidir. ETK\u0130LER\u0130 G\u00d6Z \u00c7EVRES\u0130NDE P\u0130GMENTASYON BOZUKLU\u011eU KAZ AYA\u011eINDA \u0130NCE \u00c7\u0130ZG\u0130 VE KIRI\u015eIKLIK G\u00d6Z ALTI MORLUKLARI G\u00d6Z ALTINDA TORBALANMA, HALKALANMA, \u015e\u0130\u015eL\u0130K<\/p>\n","protected":false},"author":1,"featured_media":5906,"parent":5858,"menu_order":0,"comment_status":"closed","ping_status":"closed","template":"","meta":{"footnotes":""},"class_list":["post-5850","page","type-page","status-publish","has-post-thumbnail","hentry"],"_links":{"self":[{"href":"https:\/\/netfikirhost.com\/website\/essplus\/wp-json\/wp\/v2\/pages\/5850","targetHints":{"allow":["GET"]}}],"collection":[{"href":"https:\/\/netfikirhost.com\/website\/essplus\/wp-json\/wp\/v2\/pages"}],"about":[{"href":"https:\/\/netfikirhost.com\/website\/essplus\/wp-json\/wp\/v2\/types\/page"}],"author":[{"embeddable":true,"href":"https:\/\/netfikirhost.com\/website\/essplus\/wp-json\/wp\/v2\/users\/1"}],"replies":[{"embeddable":true,"href":"https:\/\/netfikirhost.com\/website\/essplus\/wp-json\/wp\/v2\/comments?post=5850"}],"version-history":[{"count":0,"href":"https:\/\/netfikirhost.com\/website\/essplus\/wp-json\/wp\/v2\/pages\/5850\/revisions"}],"up":[{"embeddable":true,"href":"https:\/\/netfikirhost.com\/website\/essplus\/wp-json\/wp\/v2\/pages\/5858"}],"wp:featuredmedia":[{"embeddable":true,"href":"https:\/\/netfikirhost.com\/website\/essplus\/wp-json\/wp\/v2\/media\/5906"}],"wp:attachment":[{"href":"https:\/\/netfikirhost.com\/website\/essplus\/wp-json\/wp\/v2\/media?parent=5850"}],"curies":[{"name":"wp","href":"https:\/\/api.w.org\/{rel}","templated":true}]}}