{"id":5848,"date":"2026-04-14T14:47:15","date_gmt":"2026-04-14T11:47:15","guid":{"rendered":"https:\/\/netfikirhost.com\/website\/essplus\/kas-biyik-alimi\/"},"modified":"2026-04-14T15:31:19","modified_gmt":"2026-04-14T12:31:19","slug":"kas-biyik-alimi","status":"publish","type":"page","link":"https:\/\/netfikirhost.com\/website\/essplus\/hizmetlerimiz\/kas-biyik-alimi\/","title":{"rendered":"Ka\u015f-B\u0131y\u0131k Al\u0131m\u0131"},"content":{"rendered":"<p>Ka\u015flar\u0131m\u0131z y\u00fcz\u00fcm\u00fcz\u00fcn aynas\u0131 ayn\u0131 zamanda kimli\u011fimizdir. Y\u00fcz simetrisine uygun ka\u015f al\u0131m\u0131 mutlaka profesyonel ellerde yap\u0131lmal\u0131d\u0131r.<\/p>\n","protected":false},"excerpt":{"rendered":"<p>Ka\u015flar\u0131m\u0131z y\u00fcz\u00fcm\u00fcz\u00fcn aynas\u0131 ayn\u0131 zamanda kimli\u011fimizdir. Y\u00fcz simetrisine uygun ka\u015f al\u0131m\u0131 mutlaka profesyonel ellerde yap\u0131lmal\u0131d\u0131r.<\/p>\n","protected":false},"author":1,"featured_media":5898,"parent":5858,"menu_order":0,"comment_status":"closed","ping_status":"closed","template":"","meta":{"footnotes":""},"class_list":["post-5848","page","type-page","status-publish","has-post-thumbnail","hentry"],"_links":{"self":[{"href":"https:\/\/netfikirhost.com\/website\/essplus\/wp-json\/wp\/v2\/pages\/5848","targetHints":{"allow":["GET"]}}],"collection":[{"href":"https:\/\/netfikirhost.com\/website\/essplus\/wp-json\/wp\/v2\/pages"}],"about":[{"href":"https:\/\/netfikirhost.com\/website\/essplus\/wp-json\/wp\/v2\/types\/page"}],"author":[{"embeddable":true,"href":"https:\/\/netfikirhost.com\/website\/essplus\/wp-json\/wp\/v2\/users\/1"}],"replies":[{"embeddable":true,"href":"https:\/\/netfikirhost.com\/website\/essplus\/wp-json\/wp\/v2\/comments?post=5848"}],"version-history":[{"count":0,"href":"https:\/\/netfikirhost.com\/website\/essplus\/wp-json\/wp\/v2\/pages\/5848\/revisions"}],"up":[{"embeddable":true,"href":"https:\/\/netfikirhost.com\/website\/essplus\/wp-json\/wp\/v2\/pages\/5858"}],"wp:featuredmedia":[{"embeddable":true,"href":"https:\/\/netfikirhost.com\/website\/essplus\/wp-json\/wp\/v2\/media\/5898"}],"wp:attachment":[{"href":"https:\/\/netfikirhost.com\/website\/essplus\/wp-json\/wp\/v2\/media?parent=5848"}],"curies":[{"name":"wp","href":"https:\/\/api.w.org\/{rel}","templated":true}]}}