{"id":5847,"date":"2026-04-14T14:47:15","date_gmt":"2026-04-14T11:47:15","guid":{"rendered":"https:\/\/netfikirhost.com\/website\/essplus\/ayak-detoksu\/"},"modified":"2026-04-14T15:30:28","modified_gmt":"2026-04-14T12:30:28","slug":"ayak-detoksu","status":"publish","type":"page","link":"https:\/\/netfikirhost.com\/website\/essplus\/hizmetlerimiz\/ayak-detoksu\/","title":{"rendered":"Ayak Detoksu"},"content":{"rendered":"<p>AYAK DETOX V\u00fccudu zararl\u0131 maddelerden ar\u0131nd\u0131rma i\u015flemidir. Bu uygulama v\u00fccudun daha az su tutmas\u0131n\u0131, metabolizman\u0131n h\u0131zlanmas\u0131n\u0131 sa\u011flarken eklem ve kas a\u011fr\u0131lar\u0131na iyi gelir. Uykusuzluk problemi i\u00e7in do\u011fal bir \u00e7\u00f6z\u00fcmd\u00fcr. Statik elektiri\u011fin v\u00fccuttan uzakla\u015ft\u0131r\u0131lmas\u0131na yard\u0131mc\u0131d\u0131r. \u00c7a\u011f\u0131n bir mucizesi olarak g\u00f6r\u00fclen ayak detox v\u00fccudu zararl\u0131 maddelerden ar\u0131nd\u0131rarak daha ilk seansta ki\u015finin rahatlamas\u0131n\u0131 sa\u011flar yar\u0131m saat s\u00fcren bu uygulama sonras\u0131nda metabolizma h\u0131zlan\u0131r,v\u00fccut daha az su tutar ve ki\u015finin zay\u0131flamas\u0131na destek verir ayr\u0131ca eklem ve kas a\u011fr\u0131lar\u0131na iyi gelir, uykusuzluk problemi i\u00e7in do\u011fal bir \u00e7\u00f6z\u00fcmd\u00fcr.konsantrasyon eksikli\u011fini d\u00fczene sokar, alkol sigara,sa\u011fl\u0131ks\u0131z beslenme, s\u0131rt ve bacak a\u011fr\u0131s\u0131 \u00e7ekenler, kayg\u0131 ve stres problemi olan herkes ayak detox yapt\u0131rabilir.<\/p>\n","protected":false},"excerpt":{"rendered":"<p>AYAK DETOX V\u00fccudu zararl\u0131 maddelerden ar\u0131nd\u0131rma i\u015flemidir. Bu uygulama v\u00fccudun daha az su tutmas\u0131n\u0131, metabolizman\u0131n h\u0131zlanmas\u0131n\u0131 sa\u011flarken eklem ve kas a\u011fr\u0131lar\u0131na iyi gelir. Uykusuzluk problemi i\u00e7in do\u011fal bir \u00e7\u00f6z\u00fcmd\u00fcr. Statik elektiri\u011fin v\u00fccuttan uzakla\u015ft\u0131r\u0131lmas\u0131na yard\u0131mc\u0131d\u0131r. \u00c7a\u011f\u0131n bir mucizesi olarak g\u00f6r\u00fclen ayak detox v\u00fccudu zararl\u0131 maddelerden ar\u0131nd\u0131rarak daha ilk seansta ki\u015finin rahatlamas\u0131n\u0131 sa\u011flar yar\u0131m saat s\u00fcren bu [&hellip;]<\/p>\n","protected":false},"author":1,"featured_media":5888,"parent":5858,"menu_order":0,"comment_status":"closed","ping_status":"closed","template":"","meta":{"footnotes":""},"class_list":["post-5847","page","type-page","status-publish","has-post-thumbnail","hentry"],"_links":{"self":[{"href":"https:\/\/netfikirhost.com\/website\/essplus\/wp-json\/wp\/v2\/pages\/5847","targetHints":{"allow":["GET"]}}],"collection":[{"href":"https:\/\/netfikirhost.com\/website\/essplus\/wp-json\/wp\/v2\/pages"}],"about":[{"href":"https:\/\/netfikirhost.com\/website\/essplus\/wp-json\/wp\/v2\/types\/page"}],"author":[{"embeddable":true,"href":"https:\/\/netfikirhost.com\/website\/essplus\/wp-json\/wp\/v2\/users\/1"}],"replies":[{"embeddable":true,"href":"https:\/\/netfikirhost.com\/website\/essplus\/wp-json\/wp\/v2\/comments?post=5847"}],"version-history":[{"count":0,"href":"https:\/\/netfikirhost.com\/website\/essplus\/wp-json\/wp\/v2\/pages\/5847\/revisions"}],"up":[{"embeddable":true,"href":"https:\/\/netfikirhost.com\/website\/essplus\/wp-json\/wp\/v2\/pages\/5858"}],"wp:featuredmedia":[{"embeddable":true,"href":"https:\/\/netfikirhost.com\/website\/essplus\/wp-json\/wp\/v2\/media\/5888"}],"wp:attachment":[{"href":"https:\/\/netfikirhost.com\/website\/essplus\/wp-json\/wp\/v2\/media?parent=5847"}],"curies":[{"name":"wp","href":"https:\/\/api.w.org\/{rel}","templated":true}]}}