{"id":5846,"date":"2026-04-14T14:47:15","date_gmt":"2026-04-14T11:47:15","guid":{"rendered":"https:\/\/netfikirhost.com\/website\/essplus\/kirpik-lifting\/"},"modified":"2026-04-14T15:35:55","modified_gmt":"2026-04-14T12:35:55","slug":"kirpik-lifting","status":"publish","type":"page","link":"https:\/\/netfikirhost.com\/website\/essplus\/hizmetlerimiz\/kirpik-lifting\/","title":{"rendered":"Kirpik Lifting"},"content":{"rendered":"<p>Var olan kirpiklerinizi \u00e7e\u015fitli kozmetik \u00fcr\u00fcnler kullanarak daha k\u0131vr\u0131k bir g\u00f6r\u00fcn\u00fcm kazand\u0131rmak i\u00e7in yap\u0131lan bir uygulamad\u0131r.Kullan\u0131m s\u00fcresi 1.5 ila 2 ay aras\u0131ndad\u0131r yap\u0131lan i\u015flemde kirpikleriniz zarar g\u00f6rmez,daha dolgun ve daha k\u0131vr\u0131k kirpiklere sahip olabilirsiniz. Kirpik permas\u0131 i\u015flemi mutlaka bir uzman taraf\u0131ndan uygulanmal\u0131d\u0131r kirpik bigudisi kirpik boyuna uygun se\u00e7ilmez ise gere\u011finden \u00e7ok fazla k\u0131vr\u0131k yada az k\u0131vr\u0131k olabilir.Kirpiklerin bigudiye tutturulmas\u0131 i\u015flemi tek tek ve \u00f6zenle yap\u0131lmaz ise kirpiklerin u\u00e7lar\u0131n\u0131n k\u0131r\u0131lma ihtimali y\u00fcksektir. Yakla\u015f\u0131k bir saat s\u00fcren kirpik permas\u0131 i\u015fleminde kirpikleriniz uygun boyda bir kirpik bigodisine sar\u0131larak \u00f6zel solisyonlar uygulan\u0131r.\u0130ki ayr\u0131 sol\u00fcsyon i\u015flemi aras\u0131nda kirpikleriniz hava ile temas etmiyecek \u015fekilde korunur ayr\u0131ca kirpik permas\u0131nda kullan\u0131lan t\u00fcm \u00fcr\u00fcnler medikal ve hipo alerjiktir g\u00f6zlerinize herhangi bir zarar\u0131 yoktur.<\/p>\n","protected":false},"excerpt":{"rendered":"<p>Var olan kirpiklerinizi \u00e7e\u015fitli kozmetik \u00fcr\u00fcnler kullanarak daha k\u0131vr\u0131k bir g\u00f6r\u00fcn\u00fcm kazand\u0131rmak i\u00e7in yap\u0131lan bir uygulamad\u0131r.Kullan\u0131m s\u00fcresi 1.5 ila 2 ay aras\u0131ndad\u0131r yap\u0131lan i\u015flemde kirpikleriniz zarar g\u00f6rmez,daha dolgun ve daha k\u0131vr\u0131k kirpiklere sahip olabilirsiniz. Kirpik permas\u0131 i\u015flemi mutlaka bir uzman taraf\u0131ndan uygulanmal\u0131d\u0131r kirpik bigudisi kirpik boyuna uygun se\u00e7ilmez ise gere\u011finden \u00e7ok fazla k\u0131vr\u0131k yada az [&hellip;]<\/p>\n","protected":false},"author":1,"featured_media":5902,"parent":5858,"menu_order":0,"comment_status":"closed","ping_status":"closed","template":"","meta":{"footnotes":""},"class_list":["post-5846","page","type-page","status-publish","has-post-thumbnail","hentry"],"_links":{"self":[{"href":"https:\/\/netfikirhost.com\/website\/essplus\/wp-json\/wp\/v2\/pages\/5846","targetHints":{"allow":["GET"]}}],"collection":[{"href":"https:\/\/netfikirhost.com\/website\/essplus\/wp-json\/wp\/v2\/pages"}],"about":[{"href":"https:\/\/netfikirhost.com\/website\/essplus\/wp-json\/wp\/v2\/types\/page"}],"author":[{"embeddable":true,"href":"https:\/\/netfikirhost.com\/website\/essplus\/wp-json\/wp\/v2\/users\/1"}],"replies":[{"embeddable":true,"href":"https:\/\/netfikirhost.com\/website\/essplus\/wp-json\/wp\/v2\/comments?post=5846"}],"version-history":[{"count":0,"href":"https:\/\/netfikirhost.com\/website\/essplus\/wp-json\/wp\/v2\/pages\/5846\/revisions"}],"up":[{"embeddable":true,"href":"https:\/\/netfikirhost.com\/website\/essplus\/wp-json\/wp\/v2\/pages\/5858"}],"wp:featuredmedia":[{"embeddable":true,"href":"https:\/\/netfikirhost.com\/website\/essplus\/wp-json\/wp\/v2\/media\/5902"}],"wp:attachment":[{"href":"https:\/\/netfikirhost.com\/website\/essplus\/wp-json\/wp\/v2\/media?parent=5846"}],"curies":[{"name":"wp","href":"https:\/\/api.w.org\/{rel}","templated":true}]}}