{"id":5843,"date":"2026-04-14T14:47:15","date_gmt":"2026-04-14T11:47:15","guid":{"rendered":"https:\/\/netfikirhost.com\/website\/essplus\/kalici-oje\/"},"modified":"2026-04-14T15:31:18","modified_gmt":"2026-04-14T12:31:18","slug":"kalici-oje","status":"publish","type":"page","link":"https:\/\/netfikirhost.com\/website\/essplus\/hizmetlerimiz\/kalici-oje\/","title":{"rendered":"Kal\u0131c\u0131 Oje"},"content":{"rendered":"<p>E\u011fer s\u0131k s\u0131k t\u0131rnaklar\u0131n\u0131zdaki ojeleri de\u011fi\u015ftirenlerden de\u011filseniz ve genel olarak uzun s\u00fcrelerle hep ayn\u0131 renkleri kullan\u0131yorsan\u0131z,ojelerinizin d\u00f6k\u00fclmesi,s\u0131yr\u0131lmas\u0131 ve s\u00fcrekli olarak onlar\u0131 yeni ba\u015ftan s\u00fcrmek ve kurutmak sizide rahats\u0131z ediyorsa kal\u0131c\u0131 oje tam size g\u00f6re, zira kal\u0131c\u0131 oje uygulamas\u0131 sayesinde iki hafta s\u00fcresince yeniden t\u0131rnaklar\u0131n\u0131za oje s\u00fcrmeniz gerekmiyor ve buna ay\u0131raca\u011f\u0131n\u0131z zaman\u0131 diledi\u011finiz gibi kullanabiliyorsunuz. Kal\u0131c\u0131 oje uygulamas\u0131nda UV tekni\u011fi ile yap\u0131lan kurutma sayesinde oje s\u00fcr\u00fcl\u00fcr s\u00fcr\u00fclmez hemen kurumaktad\u0131r ve b\u00f6ylece s\u0131k\u0131c\u0131 bekleme s\u00fcrecide ortadan kalkmaktad\u0131r. Kal\u0131c\u0131 oje renginin ev i\u015fleri yapsan\u0131z dahi de\u011fi\u015fmemesi,solmamas\u0131 her zaman en g\u00fczel halinizle kalman\u0131za yard\u0131mc\u0131 olmaktad\u0131r.Ojenin sa\u011flaml\u0131\u011f\u0131 ve b\u00fct\u00fcnl\u00fc\u011f\u00fc sayesinde t\u0131rnaklar\u0131n\u0131zda ya\u015f\u0131yabilece\u011finiz k\u0131r\u0131lmalara kar\u015f\u0131da etkin bir \u00e7\u00f6z\u00fcm elde edebilir,hatta t\u0131rnak yemeye dahi bir son verebilirsiniz.<\/p>\n","protected":false},"excerpt":{"rendered":"<p>E\u011fer s\u0131k s\u0131k t\u0131rnaklar\u0131n\u0131zdaki ojeleri de\u011fi\u015ftirenlerden de\u011filseniz ve genel olarak uzun s\u00fcrelerle hep ayn\u0131 renkleri kullan\u0131yorsan\u0131z,ojelerinizin d\u00f6k\u00fclmesi,s\u0131yr\u0131lmas\u0131 ve s\u00fcrekli olarak onlar\u0131 yeni ba\u015ftan s\u00fcrmek ve kurutmak sizide rahats\u0131z ediyorsa kal\u0131c\u0131 oje tam size g\u00f6re, zira kal\u0131c\u0131 oje uygulamas\u0131 sayesinde iki hafta s\u00fcresince yeniden t\u0131rnaklar\u0131n\u0131za oje s\u00fcrmeniz gerekmiyor ve buna ay\u0131raca\u011f\u0131n\u0131z zaman\u0131 diledi\u011finiz gibi kullanabiliyorsunuz. Kal\u0131c\u0131 [&hellip;]<\/p>\n","protected":false},"author":1,"featured_media":5897,"parent":5858,"menu_order":0,"comment_status":"closed","ping_status":"closed","template":"","meta":{"footnotes":""},"class_list":["post-5843","page","type-page","status-publish","has-post-thumbnail","hentry"],"_links":{"self":[{"href":"https:\/\/netfikirhost.com\/website\/essplus\/wp-json\/wp\/v2\/pages\/5843","targetHints":{"allow":["GET"]}}],"collection":[{"href":"https:\/\/netfikirhost.com\/website\/essplus\/wp-json\/wp\/v2\/pages"}],"about":[{"href":"https:\/\/netfikirhost.com\/website\/essplus\/wp-json\/wp\/v2\/types\/page"}],"author":[{"embeddable":true,"href":"https:\/\/netfikirhost.com\/website\/essplus\/wp-json\/wp\/v2\/users\/1"}],"replies":[{"embeddable":true,"href":"https:\/\/netfikirhost.com\/website\/essplus\/wp-json\/wp\/v2\/comments?post=5843"}],"version-history":[{"count":0,"href":"https:\/\/netfikirhost.com\/website\/essplus\/wp-json\/wp\/v2\/pages\/5843\/revisions"}],"up":[{"embeddable":true,"href":"https:\/\/netfikirhost.com\/website\/essplus\/wp-json\/wp\/v2\/pages\/5858"}],"wp:featuredmedia":[{"embeddable":true,"href":"https:\/\/netfikirhost.com\/website\/essplus\/wp-json\/wp\/v2\/media\/5897"}],"wp:attachment":[{"href":"https:\/\/netfikirhost.com\/website\/essplus\/wp-json\/wp\/v2\/media?parent=5843"}],"curies":[{"name":"wp","href":"https:\/\/api.w.org\/{rel}","templated":true}]}}