{"id":5841,"date":"2026-04-14T14:47:15","date_gmt":"2026-04-14T11:47:15","guid":{"rendered":"https:\/\/netfikirhost.com\/website\/essplus\/protez-tirnak\/"},"modified":"2026-04-14T15:33:40","modified_gmt":"2026-04-14T12:33:40","slug":"protez-tirnak","status":"publish","type":"page","link":"https:\/\/netfikirhost.com\/website\/essplus\/hizmetlerimiz\/protez-tirnak\/","title":{"rendered":"Protez T\u0131rnak"},"content":{"rendered":"<p>PROTEZ TIRNAK Protez t\u0131rnak, t\u0131rnak yeme al\u0131\u015fkanl\u0131klar\u0131 olanlara , t\u0131rnaklar\u0131n\u0131 uzatamayanlara , ince yap\u0131l\u0131 kolay k\u0131r\u0131lan t\u0131rnaklara sahip olanlara uygulanan bir y\u00f6ntemdir.Ki\u015finin kendi t\u0131rna\u011f\u0131na zarar vermez. Takma t\u0131rna\u011f\u0131n olu\u015fturdu\u011fu hissi ve yapayl\u0131\u011f\u0131 olu\u015fturmaz. Do\u011fal bir g\u00f6r\u00fcn\u00fcm elde edilir. 3 \u2013 4 hafta aras\u0131nda rahatl\u0131kla kullan\u0131labilen protez t\u0131rnak uygulamas\u0131, d\u00fczenli bak\u0131mlar\u0131 sa\u011fland\u0131\u011f\u0131 taktirde uzun y\u0131llar kullan\u0131labilir. Protez t\u0131rnak uygulamas\u0131 ile her daim bak\u0131ml\u0131 ellere ve t\u0131rnaklara sahip olabilirsiniz.<\/p>\n","protected":false},"excerpt":{"rendered":"<p>PROTEZ TIRNAK Protez t\u0131rnak, t\u0131rnak yeme al\u0131\u015fkanl\u0131klar\u0131 olanlara , t\u0131rnaklar\u0131n\u0131 uzatamayanlara , ince yap\u0131l\u0131 kolay k\u0131r\u0131lan t\u0131rnaklara sahip olanlara uygulanan bir y\u00f6ntemdir.Ki\u015finin kendi t\u0131rna\u011f\u0131na zarar vermez. Takma t\u0131rna\u011f\u0131n olu\u015fturdu\u011fu hissi ve yapayl\u0131\u011f\u0131 olu\u015fturmaz. Do\u011fal bir g\u00f6r\u00fcn\u00fcm elde edilir. 3 \u2013 4 hafta aras\u0131nda rahatl\u0131kla kullan\u0131labilen protez t\u0131rnak uygulamas\u0131, d\u00fczenli bak\u0131mlar\u0131 sa\u011fland\u0131\u011f\u0131 taktirde uzun y\u0131llar kullan\u0131labilir. [&hellip;]<\/p>\n","protected":false},"author":1,"featured_media":5907,"parent":5858,"menu_order":0,"comment_status":"closed","ping_status":"closed","template":"","meta":{"footnotes":""},"class_list":["post-5841","page","type-page","status-publish","has-post-thumbnail","hentry"],"_links":{"self":[{"href":"https:\/\/netfikirhost.com\/website\/essplus\/wp-json\/wp\/v2\/pages\/5841","targetHints":{"allow":["GET"]}}],"collection":[{"href":"https:\/\/netfikirhost.com\/website\/essplus\/wp-json\/wp\/v2\/pages"}],"about":[{"href":"https:\/\/netfikirhost.com\/website\/essplus\/wp-json\/wp\/v2\/types\/page"}],"author":[{"embeddable":true,"href":"https:\/\/netfikirhost.com\/website\/essplus\/wp-json\/wp\/v2\/users\/1"}],"replies":[{"embeddable":true,"href":"https:\/\/netfikirhost.com\/website\/essplus\/wp-json\/wp\/v2\/comments?post=5841"}],"version-history":[{"count":0,"href":"https:\/\/netfikirhost.com\/website\/essplus\/wp-json\/wp\/v2\/pages\/5841\/revisions"}],"up":[{"embeddable":true,"href":"https:\/\/netfikirhost.com\/website\/essplus\/wp-json\/wp\/v2\/pages\/5858"}],"wp:featuredmedia":[{"embeddable":true,"href":"https:\/\/netfikirhost.com\/website\/essplus\/wp-json\/wp\/v2\/media\/5907"}],"wp:attachment":[{"href":"https:\/\/netfikirhost.com\/website\/essplus\/wp-json\/wp\/v2\/media?parent=5841"}],"curies":[{"name":"wp","href":"https:\/\/api.w.org\/{rel}","templated":true}]}}