{"id":5840,"date":"2026-04-14T14:47:15","date_gmt":"2026-04-14T11:47:15","guid":{"rendered":"https:\/\/netfikirhost.com\/website\/essplus\/el-ayak-bakimi\/"},"modified":"2026-04-14T15:30:46","modified_gmt":"2026-04-14T12:30:46","slug":"el-ayak-bakimi","status":"publish","type":"page","link":"https:\/\/netfikirhost.com\/website\/essplus\/hizmetlerimiz\/el-ayak-bakimi\/","title":{"rendered":"El &#8211; Ayak Bak\u0131m\u0131"},"content":{"rendered":"<p>SPA EL BAKIMI El ve el t\u0131rnaklar\u0131m\u0131z\u0131n bak\u0131m\u0131n\u0131 destekleyen ve ellerin durumuna g\u00f6re t\u0131rnak k\u00f6k\u00fcndeki \u00f6l\u00fc h\u00fccrelerin temizli\u011fi, t\u0131rnaklar\u0131n kesilmesi, t\u00f6rp\u00fclenmesi ve \u015fekil verilmesi, peeling, \u00f6zel serum uygulamalar\u0131, anti-aging \u00fcr\u00fcnlerinin uygulamas\u0131n\u0131, maske, leke a\u00e7\u0131c\u0131 i\u015flemlerin yap\u0131lmas\u0131n\u0131 kapsamaktad\u0131r. MED\u0130KAL EL AYAK BAKIMI V\u00fccudun t\u00fcm y\u00fck\u00fcn\u00fc ta\u015f\u0131yan ayaklar\u0131n bak\u0131m\u0131 insan sa\u011fl\u0131\u011f\u0131 a\u00e7\u0131s\u0131ndan b\u00fcy\u00fck \u00f6nem ta\u015f\u0131r. G\u00fcnl\u00fck hayat\u0131n ve sosyal \u00e7evrenin beraberinde getirdi\u011fi giyim tarz\u0131 belkide en \u00e7ok ayaklar\u0131m\u0131z\u0131 etkiliyor sert zemin dar sivri burunlu ve y\u00fcksek topuklu ayakkab\u0131lar, bilin\u00e7siz uygulanan pedik\u00fcr, yap\u0131sal olarakta e\u011fer bir yatk\u0131nl\u0131k varsa b\u00fcy\u00fck problemler olarak kar\u015f\u0131m\u0131za \u00e7\u0131k\u0131yor. Zaman i\u00e7inde de\u011fi\u015fime u\u011frayan ayaklarda kemik ve eklem deformasyonlar\u0131 bat\u0131k, nas\u0131r, si\u011fil, t\u0131rnak-deri mantar\u0131 ve terlemeye ba\u011fl\u0131 olu\u015fan \u00e7e\u015fitli ayak sorunlar\u0131 ortaya \u00e7\u0131kabiliyor ancak g\u00fcn\u00fcm\u00fczde ayaklar, t\u00fcm bu olumsuzluklardan medikal bak\u0131mlar ile korunabiliyor ve yine medikal ayak bak\u0131mlar\u0131 ile ayaklar\u0131n\u0131z sa\u011fl\u0131\u011f\u0131na kavu\u015fabiliyor. ESSPLUS G\u00fczellik Merkezi ayaklar\u0131n\u0131z\u0131n k\u0131ymetini biliyor Bat\u0131k T\u0131rnak, Nas\u0131r, Mantar, Topuk \u00e7atla\u011f\u0131, deforme ayak, kay\u0131p t\u0131rnak,medikal ayak bak\u0131m\u0131 ve t\u00fcm d\u00fcnyada kalitesini ispatlam\u0131\u015f profesyonel \u00fcr\u00fcnler kullan\u0131larak el-ayak bak\u0131m\u0131nda uzman ki\u015filer taraf\u0131ndan i\u015flem uygulanmaktad\u0131r. ESSPLUS; Esteti\u011finiz ve Sa\u011fl\u0131n\u0131z i\u00e7in kal\u0131c\u0131 \u00e7\u00f6z\u00fcmler \u00fcretiyor. ESSPLUS \u0130LE MUTLU AYAKLAR AYAK DETOX V\u00fccudu zararl\u0131 maddelerden ar\u0131nd\u0131rma i\u015flemidir. Bu uygulama v\u00fccudun daha az su tutmas\u0131n\u0131, metabolizman\u0131n h\u0131zlanmas\u0131n\u0131 sa\u011flarken eklem ve kas a\u011fr\u0131lar\u0131na iyi gelir. Uykusuzluk problemi i\u00e7in do\u011fal bir \u00e7\u00f6z\u00fcmd\u00fcr. Statik elektiri\u011fin v\u00fccuttan uzakla\u015ft\u0131r\u0131lmas\u0131na yard\u0131mc\u0131d\u0131r.<\/p>\n","protected":false},"excerpt":{"rendered":"<p>SPA EL BAKIMI El ve el t\u0131rnaklar\u0131m\u0131z\u0131n bak\u0131m\u0131n\u0131 destekleyen ve ellerin durumuna g\u00f6re t\u0131rnak k\u00f6k\u00fcndeki \u00f6l\u00fc h\u00fccrelerin temizli\u011fi, t\u0131rnaklar\u0131n kesilmesi, t\u00f6rp\u00fclenmesi ve \u015fekil verilmesi, peeling, \u00f6zel serum uygulamalar\u0131, anti-aging \u00fcr\u00fcnlerinin uygulamas\u0131n\u0131, maske, leke a\u00e7\u0131c\u0131 i\u015flemlerin yap\u0131lmas\u0131n\u0131 kapsamaktad\u0131r. MED\u0130KAL EL AYAK BAKIMI V\u00fccudun t\u00fcm y\u00fck\u00fcn\u00fc ta\u015f\u0131yan ayaklar\u0131n bak\u0131m\u0131 insan sa\u011fl\u0131\u011f\u0131 a\u00e7\u0131s\u0131ndan b\u00fcy\u00fck \u00f6nem ta\u015f\u0131r. G\u00fcnl\u00fck hayat\u0131n [&hellip;]<\/p>\n","protected":false},"author":1,"featured_media":5892,"parent":5858,"menu_order":0,"comment_status":"closed","ping_status":"closed","template":"","meta":{"footnotes":""},"class_list":["post-5840","page","type-page","status-publish","has-post-thumbnail","hentry"],"_links":{"self":[{"href":"https:\/\/netfikirhost.com\/website\/essplus\/wp-json\/wp\/v2\/pages\/5840","targetHints":{"allow":["GET"]}}],"collection":[{"href":"https:\/\/netfikirhost.com\/website\/essplus\/wp-json\/wp\/v2\/pages"}],"about":[{"href":"https:\/\/netfikirhost.com\/website\/essplus\/wp-json\/wp\/v2\/types\/page"}],"author":[{"embeddable":true,"href":"https:\/\/netfikirhost.com\/website\/essplus\/wp-json\/wp\/v2\/users\/1"}],"replies":[{"embeddable":true,"href":"https:\/\/netfikirhost.com\/website\/essplus\/wp-json\/wp\/v2\/comments?post=5840"}],"version-history":[{"count":0,"href":"https:\/\/netfikirhost.com\/website\/essplus\/wp-json\/wp\/v2\/pages\/5840\/revisions"}],"up":[{"embeddable":true,"href":"https:\/\/netfikirhost.com\/website\/essplus\/wp-json\/wp\/v2\/pages\/5858"}],"wp:featuredmedia":[{"embeddable":true,"href":"https:\/\/netfikirhost.com\/website\/essplus\/wp-json\/wp\/v2\/media\/5892"}],"wp:attachment":[{"href":"https:\/\/netfikirhost.com\/website\/essplus\/wp-json\/wp\/v2\/media?parent=5840"}],"curies":[{"name":"wp","href":"https:\/\/api.w.org\/{rel}","templated":true}]}}