{"id":5839,"date":"2026-04-14T14:47:15","date_gmt":"2026-04-14T11:47:15","guid":{"rendered":"https:\/\/netfikirhost.com\/website\/essplus\/manikur-pedikur\/"},"modified":"2026-04-14T15:35:59","modified_gmt":"2026-04-14T12:35:59","slug":"manikur-pedikur","status":"publish","type":"page","link":"https:\/\/netfikirhost.com\/website\/essplus\/hizmetlerimiz\/manikur-pedikur\/","title":{"rendered":"Manik\u00fcr &#8211; Pedik\u00fcr"},"content":{"rendered":"<p>MAN\u0130K\u00dcR Estetik, ki\u015fisel bak\u0131m, temizlik ve hijyen amac\u0131yla yap\u0131l\u0131r. T\u0131rnak kenar\u0131ndaki fazlal\u0131k etler al\u0131n\u0131r. Ayn\u0131 zamanda t\u0131rnaklara \u015fekil verilmesi i\u015flemidir. Bu i\u015flem ki\u015fiye rahatl\u0131k ve ferahl\u0131k sa\u011flar. Sa\u011fl\u0131k ve hijyen kurallar\u0131na uygun ko\u015fullarda yap\u0131lmas\u0131na dikkat edilmesi gerekir. AQUA MAN\u0130K\u00dcR Tek kullan\u0131ml\u0131k malzemelerin kullan\u0131ld\u0131\u011f\u0131 tamamen ki\u015finin hijyeni ve konforunu esas alan manik\u00fcr \u00e7e\u015fidi. PED\u0130K\u00dcR Estetik, ki\u015fisel bak\u0131m, temizlik ve hijyen amac\u0131yla yap\u0131l\u0131r. T\u0131rnak kenar\u0131ndaki ve ayak alt\u0131ndaki noktalarda \u00f6l\u00fc derilere m\u00fcdahale edilirken ayn\u0131 zamanda t\u0131rnaklara \u015fekil verilmesi i\u015flemidir. Bu i\u015flem ki\u015fiye rahatl\u0131k ve ferahl\u0131k sa\u011flar. Sa\u011fl\u0131k ve hijyen kurallar\u0131na uygun ko\u015fullarda yap\u0131lmas\u0131na dikkat edilmesi gerekir.<\/p>\n","protected":false},"excerpt":{"rendered":"<p>MAN\u0130K\u00dcR Estetik, ki\u015fisel bak\u0131m, temizlik ve hijyen amac\u0131yla yap\u0131l\u0131r. T\u0131rnak kenar\u0131ndaki fazlal\u0131k etler al\u0131n\u0131r. Ayn\u0131 zamanda t\u0131rnaklara \u015fekil verilmesi i\u015flemidir. Bu i\u015flem ki\u015fiye rahatl\u0131k ve ferahl\u0131k sa\u011flar. Sa\u011fl\u0131k ve hijyen kurallar\u0131na uygun ko\u015fullarda yap\u0131lmas\u0131na dikkat edilmesi gerekir. AQUA MAN\u0130K\u00dcR Tek kullan\u0131ml\u0131k malzemelerin kullan\u0131ld\u0131\u011f\u0131 tamamen ki\u015finin hijyeni ve konforunu esas alan manik\u00fcr \u00e7e\u015fidi. PED\u0130K\u00dcR Estetik, ki\u015fisel [&hellip;]<\/p>\n","protected":false},"author":1,"featured_media":5904,"parent":5858,"menu_order":0,"comment_status":"closed","ping_status":"closed","template":"","meta":{"footnotes":""},"class_list":["post-5839","page","type-page","status-publish","has-post-thumbnail","hentry"],"_links":{"self":[{"href":"https:\/\/netfikirhost.com\/website\/essplus\/wp-json\/wp\/v2\/pages\/5839","targetHints":{"allow":["GET"]}}],"collection":[{"href":"https:\/\/netfikirhost.com\/website\/essplus\/wp-json\/wp\/v2\/pages"}],"about":[{"href":"https:\/\/netfikirhost.com\/website\/essplus\/wp-json\/wp\/v2\/types\/page"}],"author":[{"embeddable":true,"href":"https:\/\/netfikirhost.com\/website\/essplus\/wp-json\/wp\/v2\/users\/1"}],"replies":[{"embeddable":true,"href":"https:\/\/netfikirhost.com\/website\/essplus\/wp-json\/wp\/v2\/comments?post=5839"}],"version-history":[{"count":0,"href":"https:\/\/netfikirhost.com\/website\/essplus\/wp-json\/wp\/v2\/pages\/5839\/revisions"}],"up":[{"embeddable":true,"href":"https:\/\/netfikirhost.com\/website\/essplus\/wp-json\/wp\/v2\/pages\/5858"}],"wp:featuredmedia":[{"embeddable":true,"href":"https:\/\/netfikirhost.com\/website\/essplus\/wp-json\/wp\/v2\/media\/5904"}],"wp:attachment":[{"href":"https:\/\/netfikirhost.com\/website\/essplus\/wp-json\/wp\/v2\/media?parent=5839"}],"curies":[{"name":"wp","href":"https:\/\/api.w.org\/{rel}","templated":true}]}}