{"id":5838,"date":"2026-04-14T14:47:15","date_gmt":"2026-04-14T11:47:15","guid":{"rendered":"https:\/\/netfikirhost.com\/website\/essplus\/batik-ve-mantar\/"},"modified":"2026-04-14T15:30:30","modified_gmt":"2026-04-14T12:30:30","slug":"batik-ve-mantar","status":"publish","type":"page","link":"https:\/\/netfikirhost.com\/website\/essplus\/hizmetlerimiz\/batik-ve-mantar\/","title":{"rendered":"Bat\u0131k ve Mantar"},"content":{"rendered":"<p>Bat\u0131k T\u0131rnak Tedavisi Toplumda yayg\u0131n olarak g\u00f6r\u00fclen ki\u015fiye son derece ac\u0131 veren bu rahats\u0131zl\u0131k t\u0131rnak \u00fczerine uygulanan darbe,a\u015f\u0131r\u0131 kilo al\u0131m\u0131,yanl\u0131\u015f uygulanan pedik\u00fcr,yanl\u0131\u015f se\u00e7ilen ayakkab\u0131 ve yanl\u0131\u015f kesilen t\u0131rnaklar bu rahats\u0131zl\u0131\u011f\u0131n ya\u015fanmas\u0131na sebep olmaktad\u0131r.Bu durumda t\u0131rna\u011f\u0131n\u0131z\u0131 \u00e7ektirmeden t\u0131rnak band\u0131 uygulamas\u0131 yapt\u0131rarak bu rahats\u0131zl\u0131\u011f\u0131n\u0131zdan kolayca kurtulabilirsiniz. Bat\u0131k t\u0131rnak tedavisi t\u0131rna\u011f\u0131n \u00fcst k\u0131sm\u0131n\u0131n \u00f6zel cihazlarla temizlenip ve t\u00f6rp\u00fclenip band\u0131 bu b\u00f6lgeye yap\u0131\u015ft\u0131rarak yap\u0131lan ac\u0131s\u0131z bir i\u015flemdir. \u015eeffaf renkte olan bu bant suya kar\u015f\u0131 dayan\u0131kl\u0131 olup istenildi\u011fi taktirde \u00fczerine oje s\u00fcrerek estetik a\u00e7\u0131danda kendinizi rahat hissedebilirsiniz. T\u0131rnaklar\u0131n\u0131zda olu\u015fan bat\u0131k probleminden bant uygulamas\u0131 ile kurtulman\u0131z sa\u011flan\u0131r ve mantar olu\u015fumu ortadan kald\u0131r\u0131l\u0131r.T\u0131rnak mantar\u0131n\u0131n merkezimizde temizlenmesi i\u015fleminde, t\u0131rnak \u00fczerindeki kal\u0131nla\u015fan tabaka cihazlar yard\u0131m\u0131yla temizlenir. Mantarl\u0131 doku tamamen temizlendikten sonra sa\u011fl\u0131kl\u0131 t\u0131rnak dokusu ortaya \u00e7\u0131kar. Hem sa\u011fl\u0131kl\u0131 t\u0131rna\u011f\u0131 korumak hem de estetik olarak g\u00fczel ve sa\u011fl\u0131kl\u0131 g\u00f6r\u00fcnt\u00fcn\u00fcn sa\u011flanmas\u0131 i\u00e7in t\u0131rnak y\u00fczeyi \u00f6zel bir jel ile kaplan\u0131r. D\u00fczenli aral\u0131klarla bak\u0131mlar\u0131 yap\u0131l\u0131r ve jel yenilenir. Bu \u015fekildeki bak\u0131mlarla t\u0131rnak k\u00f6k\u00fcne kadar ilerlemi\u015f olan t\u0131rnak mantarlar\u0131 sa\u011fl\u0131kl\u0131 t\u0131rnak uzama s\u00fcrecine ba\u011fl\u0131 olarak tamamen yok edilebilir.<\/p>\n","protected":false},"excerpt":{"rendered":"<p>Bat\u0131k T\u0131rnak Tedavisi Toplumda yayg\u0131n olarak g\u00f6r\u00fclen ki\u015fiye son derece ac\u0131 veren bu rahats\u0131zl\u0131k t\u0131rnak \u00fczerine uygulanan darbe,a\u015f\u0131r\u0131 kilo al\u0131m\u0131,yanl\u0131\u015f uygulanan pedik\u00fcr,yanl\u0131\u015f se\u00e7ilen ayakkab\u0131 ve yanl\u0131\u015f kesilen t\u0131rnaklar bu rahats\u0131zl\u0131\u011f\u0131n ya\u015fanmas\u0131na sebep olmaktad\u0131r.Bu durumda t\u0131rna\u011f\u0131n\u0131z\u0131 \u00e7ektirmeden t\u0131rnak band\u0131 uygulamas\u0131 yapt\u0131rarak bu rahats\u0131zl\u0131\u011f\u0131n\u0131zdan kolayca kurtulabilirsiniz. Bat\u0131k t\u0131rnak tedavisi t\u0131rna\u011f\u0131n \u00fcst k\u0131sm\u0131n\u0131n \u00f6zel cihazlarla temizlenip ve t\u00f6rp\u00fclenip [&hellip;]<\/p>\n","protected":false},"author":1,"featured_media":5911,"parent":5858,"menu_order":0,"comment_status":"closed","ping_status":"closed","template":"","meta":{"footnotes":""},"class_list":["post-5838","page","type-page","status-publish","has-post-thumbnail","hentry"],"_links":{"self":[{"href":"https:\/\/netfikirhost.com\/website\/essplus\/wp-json\/wp\/v2\/pages\/5838","targetHints":{"allow":["GET"]}}],"collection":[{"href":"https:\/\/netfikirhost.com\/website\/essplus\/wp-json\/wp\/v2\/pages"}],"about":[{"href":"https:\/\/netfikirhost.com\/website\/essplus\/wp-json\/wp\/v2\/types\/page"}],"author":[{"embeddable":true,"href":"https:\/\/netfikirhost.com\/website\/essplus\/wp-json\/wp\/v2\/users\/1"}],"replies":[{"embeddable":true,"href":"https:\/\/netfikirhost.com\/website\/essplus\/wp-json\/wp\/v2\/comments?post=5838"}],"version-history":[{"count":0,"href":"https:\/\/netfikirhost.com\/website\/essplus\/wp-json\/wp\/v2\/pages\/5838\/revisions"}],"up":[{"embeddable":true,"href":"https:\/\/netfikirhost.com\/website\/essplus\/wp-json\/wp\/v2\/pages\/5858"}],"wp:featuredmedia":[{"embeddable":true,"href":"https:\/\/netfikirhost.com\/website\/essplus\/wp-json\/wp\/v2\/media\/5911"}],"wp:attachment":[{"href":"https:\/\/netfikirhost.com\/website\/essplus\/wp-json\/wp\/v2\/media?parent=5838"}],"curies":[{"name":"wp","href":"https:\/\/api.w.org\/{rel}","templated":true}]}}