{"id":5837,"date":"2026-04-14T14:47:15","date_gmt":"2026-04-14T11:47:15","guid":{"rendered":"https:\/\/netfikirhost.com\/website\/essplus\/kalici-makyaj\/"},"modified":"2026-04-14T15:31:16","modified_gmt":"2026-04-14T12:31:16","slug":"kalici-makyaj","status":"publish","type":"page","link":"https:\/\/netfikirhost.com\/website\/essplus\/hizmetlerimiz\/kalici-makyaj\/","title":{"rendered":"Kal\u0131c\u0131 Makyaj"},"content":{"rendered":"<p>G\u00fcn\u00fcm\u00fcz kad\u0131nlar\u0131n\u0131n en b\u00fcy\u00fck problemlerinden biri makyaj yaparken harcad\u0131klar\u0131 zamand\u0131r. Y\u00fcz\u00fcm\u00fczde bulunan bir tak\u0131m asimetrileri gidermek ve makyaj yaparken g\u00fcnl\u00fck rutininde harcad\u0131\u011f\u0131m\u0131z zamandan tasarruf etmek amac\u0131yla bu g\u00fcn bir \u00e7ok kad\u0131n kal\u0131c\u0131 makyaj uygulamalar\u0131na y\u00f6nelmektedir. \u00d6zellikle ka\u015f, eyeliner ve dudak b\u00f6lgelerinde tercih edilen bir uygulama olup ki\u015finin iste\u011fi ve y\u00fcz \u015fekline uygun tasar\u0131m\u0131n yap\u0131lmas\u0131yla do\u011fal bir g\u00f6r\u00fcn\u00fcme sahip olmas\u0131 sa\u011flan\u0131r. Bitkisel ve su bazl\u0131 boyalar\u0131n derinin en \u00fcst tabakas\u0131 olan Epidermisin i\u00e7ine ki\u015fiye \u00f6zel tek kullan\u0131ml\u0131k i\u011fnelerle enjekte edilip ka\u015flardaki \u015fekilsizlikleri ve bo\u015fluklar\u0131 giderme ve yeni g\u00f6r\u00fcnt\u00fcn\u00fcn kal\u0131c\u0131 hale getirilme tekni\u011fidir. Ortalama 1 y\u0131l kal\u0131c\u0131l\u0131\u011f\u0131 bulunan bu i\u015flemi yapt\u0131rmak isteyen bayanlar\u0131n dikkat etmeleri gereken en b\u00fcy\u00fck nokta, sa\u011fl\u0131k ve hijyen kurallar\u0131na uygun ortamlarda ve i\u015finde uzman ki\u015filer taraf\u0131ndan uygulanmas\u0131d\u0131r. Kal\u0131c\u0131 makyaj hatalar\u0131 y\u00fcz\u00fcnden pek \u00e7ok ki\u015finin ka\u015flar\u0131 gri veya ye\u015fil renkte g\u00f6r\u00fclebiliyor yada y\u00fcz simetrisine uygun olmayan ka\u015flar tasarlan\u0131yor bunun nedeni ise kal\u0131c\u0131 makyaj uygulamas\u0131n\u0131n bilgili ve uzman eller taraf\u0131ndan yap\u0131lmamas\u0131<\/p>\n","protected":false},"excerpt":{"rendered":"<p>G\u00fcn\u00fcm\u00fcz kad\u0131nlar\u0131n\u0131n en b\u00fcy\u00fck problemlerinden biri makyaj yaparken harcad\u0131klar\u0131 zamand\u0131r. Y\u00fcz\u00fcm\u00fczde bulunan bir tak\u0131m asimetrileri gidermek ve makyaj yaparken g\u00fcnl\u00fck rutininde harcad\u0131\u011f\u0131m\u0131z zamandan tasarruf etmek amac\u0131yla bu g\u00fcn bir \u00e7ok kad\u0131n kal\u0131c\u0131 makyaj uygulamalar\u0131na y\u00f6nelmektedir. \u00d6zellikle ka\u015f, eyeliner ve dudak b\u00f6lgelerinde tercih edilen bir uygulama olup ki\u015finin iste\u011fi ve y\u00fcz \u015fekline uygun tasar\u0131m\u0131n yap\u0131lmas\u0131yla do\u011fal [&hellip;]<\/p>\n","protected":false},"author":1,"featured_media":5896,"parent":5858,"menu_order":0,"comment_status":"closed","ping_status":"closed","template":"","meta":{"footnotes":""},"class_list":["post-5837","page","type-page","status-publish","has-post-thumbnail","hentry"],"_links":{"self":[{"href":"https:\/\/netfikirhost.com\/website\/essplus\/wp-json\/wp\/v2\/pages\/5837","targetHints":{"allow":["GET"]}}],"collection":[{"href":"https:\/\/netfikirhost.com\/website\/essplus\/wp-json\/wp\/v2\/pages"}],"about":[{"href":"https:\/\/netfikirhost.com\/website\/essplus\/wp-json\/wp\/v2\/types\/page"}],"author":[{"embeddable":true,"href":"https:\/\/netfikirhost.com\/website\/essplus\/wp-json\/wp\/v2\/users\/1"}],"replies":[{"embeddable":true,"href":"https:\/\/netfikirhost.com\/website\/essplus\/wp-json\/wp\/v2\/comments?post=5837"}],"version-history":[{"count":0,"href":"https:\/\/netfikirhost.com\/website\/essplus\/wp-json\/wp\/v2\/pages\/5837\/revisions"}],"up":[{"embeddable":true,"href":"https:\/\/netfikirhost.com\/website\/essplus\/wp-json\/wp\/v2\/pages\/5858"}],"wp:featuredmedia":[{"embeddable":true,"href":"https:\/\/netfikirhost.com\/website\/essplus\/wp-json\/wp\/v2\/media\/5896"}],"wp:attachment":[{"href":"https:\/\/netfikirhost.com\/website\/essplus\/wp-json\/wp\/v2\/media?parent=5837"}],"curies":[{"name":"wp","href":"https:\/\/api.w.org\/{rel}","templated":true}]}}