{"id":5836,"date":"2026-04-14T14:47:15","date_gmt":"2026-04-14T11:47:15","guid":{"rendered":"https:\/\/netfikirhost.com\/website\/essplus\/masaj\/"},"modified":"2026-04-14T15:33:08","modified_gmt":"2026-04-14T12:33:08","slug":"masaj","status":"publish","type":"page","link":"https:\/\/netfikirhost.com\/website\/essplus\/hizmetlerimiz\/masaj\/","title":{"rendered":"Masaj"},"content":{"rendered":"<p>KLAS\u0130K MASAJ UYGULAMASI Masaj temel olarak a\u011fr\u0131lar\u0131 dindirme ve \u00f6dem nedeniyle v\u00fccutta olu\u015fan \u015fi\u015fliklerin giderilmesini sa\u011flamak ve ayr\u0131ca rahatlamak amac\u0131yla yap\u0131lan bir i\u015flemdir.Deri, deri alt\u0131 dokusu, kaslar, i\u00e7 organlar,metabolizma, dola\u015f\u0131m ve lenf sistemlerinin mekanik ve sinirsel (refleks) yolla tedavi ama\u00e7l\u0131 uyar\u0131lmas\u0131; \u00e7e\u015fitli darbeler ve ovmalarla b\u00f6lgesel kan dola\u015f\u0131m\u0131n\u0131 artt\u0131rma, damarlar\u0131 geni\u015fleterek dokuya daha fazla kan gelmesini sa\u011flama y\u00f6ntemidir. Masaj uygulamas\u0131 art\u0131k keyif veya l\u00fcks de\u011fil, yo\u011fun i\u015f temposunda \u00e7al\u0131\u015fanlar i\u00e7in gerginlikten kurtulman\u0131n, biraz daha rahatlaman\u0131n en iyi yollar\u0131ndan biridir. Klasik masaj sonucunda elde edilen olumlu veriler aras\u0131nda h\u00fccrelerin yenilenmeside gelmektedir.Klasik masaj y\u00f6ntemi ile ki\u015fi g\u00fcndelik hayat\u0131na daha aktif ve pozitif bir \u015fekilde ba\u015fl\u0131yabilece\u011fi gibi kendini daha iyi hissedecektir. Ferah bir ortamda ve ruhu dinlendirici bir m\u00fczik e\u015fli\u011finde yapm\u0131\u015f oldu\u011fumuz klasik masaj uygulamas\u0131, kan dola\u015f\u0131m\u0131 ve sinir sisteminin tetiklenmesi sayesinde,g\u00f6r\u00fcnmez bir kalkan olu\u015fturarak ki\u015finin hastal\u0131klara kar\u015f\u0131 v\u00fccut direncinide y\u00fckseltmektedir.<\/p>\n","protected":false},"excerpt":{"rendered":"<p>KLAS\u0130K MASAJ UYGULAMASI Masaj temel olarak a\u011fr\u0131lar\u0131 dindirme ve \u00f6dem nedeniyle v\u00fccutta olu\u015fan \u015fi\u015fliklerin giderilmesini sa\u011flamak ve ayr\u0131ca rahatlamak amac\u0131yla yap\u0131lan bir i\u015flemdir.Deri, deri alt\u0131 dokusu, kaslar, i\u00e7 organlar,metabolizma, dola\u015f\u0131m ve lenf sistemlerinin mekanik ve sinirsel (refleks) yolla tedavi ama\u00e7l\u0131 uyar\u0131lmas\u0131; \u00e7e\u015fitli darbeler ve ovmalarla b\u00f6lgesel kan dola\u015f\u0131m\u0131n\u0131 artt\u0131rma, damarlar\u0131 geni\u015fleterek dokuya daha fazla kan [&hellip;]<\/p>\n","protected":false},"author":1,"featured_media":5905,"parent":5858,"menu_order":0,"comment_status":"closed","ping_status":"closed","template":"","meta":{"footnotes":""},"class_list":["post-5836","page","type-page","status-publish","has-post-thumbnail","hentry"],"_links":{"self":[{"href":"https:\/\/netfikirhost.com\/website\/essplus\/wp-json\/wp\/v2\/pages\/5836","targetHints":{"allow":["GET"]}}],"collection":[{"href":"https:\/\/netfikirhost.com\/website\/essplus\/wp-json\/wp\/v2\/pages"}],"about":[{"href":"https:\/\/netfikirhost.com\/website\/essplus\/wp-json\/wp\/v2\/types\/page"}],"author":[{"embeddable":true,"href":"https:\/\/netfikirhost.com\/website\/essplus\/wp-json\/wp\/v2\/users\/1"}],"replies":[{"embeddable":true,"href":"https:\/\/netfikirhost.com\/website\/essplus\/wp-json\/wp\/v2\/comments?post=5836"}],"version-history":[{"count":0,"href":"https:\/\/netfikirhost.com\/website\/essplus\/wp-json\/wp\/v2\/pages\/5836\/revisions"}],"up":[{"embeddable":true,"href":"https:\/\/netfikirhost.com\/website\/essplus\/wp-json\/wp\/v2\/pages\/5858"}],"wp:featuredmedia":[{"embeddable":true,"href":"https:\/\/netfikirhost.com\/website\/essplus\/wp-json\/wp\/v2\/media\/5905"}],"wp:attachment":[{"href":"https:\/\/netfikirhost.com\/website\/essplus\/wp-json\/wp\/v2\/media?parent=5836"}],"curies":[{"name":"wp","href":"https:\/\/api.w.org\/{rel}","templated":true}]}}