{"id":5835,"date":"2026-04-14T14:47:15","date_gmt":"2026-04-14T11:47:15","guid":{"rendered":"https:\/\/netfikirhost.com\/website\/essplus\/cilt-problemleri-ve-leke-uygulamasi\/"},"modified":"2026-04-14T15:30:35","modified_gmt":"2026-04-14T12:30:35","slug":"cilt-problemleri-ve-leke-uygulamasi","status":"publish","type":"page","link":"https:\/\/netfikirhost.com\/website\/essplus\/hizmetlerimiz\/cilt-problemleri-ve-leke-uygulamasi\/","title":{"rendered":"Cilt Problemleri ve Leke Uygulamas\u0131"},"content":{"rendered":"<p>AKNE BAKIMI Bitkisel asitlerle cildi yenileme i\u015flemidir. H\u00fccre yenilenmesini aktive eder. Akne s\u00f6nd\u00fcr\u00fcc\u00fc ve sebum dengeleyici bir i\u015flemdir. Cildin durumuna g\u00f6re 15 g\u00fcnde bir yap\u0131lmas\u0131 \u00f6nerilir. LEKE (V\u0130TAL &#8211; C + PH) Hormonel veya \u00e7evresel fakt\u00f6rlere ba\u011fl\u0131 cildimizde olu\u015fan lekeler i\u00e7in uygulanan bitkisel asitli soyma i\u015flemleridir. T\u00fcm cilt tiplerinde g\u00fcvenle uygulan\u0131r. G\u00fcnl\u00fck ya\u015fant\u0131m\u0131z\u0131 engellemeyen bir bak\u0131md\u0131r. CR Kronik k\u0131zar\u0131kl\u0131\u011f\u0131 olan ciltlerde, rozea rahats\u0131zl\u0131\u011f\u0131nda cilt bariyerinin incelerek hassasiyet yaratt\u0131\u011f\u0131 durumlarda uygulanan cilt yenileme program\u0131d\u0131r.<\/p>\n","protected":false},"excerpt":{"rendered":"<p>AKNE BAKIMI Bitkisel asitlerle cildi yenileme i\u015flemidir. H\u00fccre yenilenmesini aktive eder. Akne s\u00f6nd\u00fcr\u00fcc\u00fc ve sebum dengeleyici bir i\u015flemdir. Cildin durumuna g\u00f6re 15 g\u00fcnde bir yap\u0131lmas\u0131 \u00f6nerilir. LEKE (V\u0130TAL &#8211; C + PH) Hormonel veya \u00e7evresel fakt\u00f6rlere ba\u011fl\u0131 cildimizde olu\u015fan lekeler i\u00e7in uygulanan bitkisel asitli soyma i\u015flemleridir. T\u00fcm cilt tiplerinde g\u00fcvenle uygulan\u0131r. G\u00fcnl\u00fck ya\u015fant\u0131m\u0131z\u0131 engellemeyen bir [&hellip;]<\/p>\n","protected":false},"author":1,"featured_media":5890,"parent":5858,"menu_order":0,"comment_status":"closed","ping_status":"closed","template":"","meta":{"footnotes":""},"class_list":["post-5835","page","type-page","status-publish","has-post-thumbnail","hentry"],"_links":{"self":[{"href":"https:\/\/netfikirhost.com\/website\/essplus\/wp-json\/wp\/v2\/pages\/5835","targetHints":{"allow":["GET"]}}],"collection":[{"href":"https:\/\/netfikirhost.com\/website\/essplus\/wp-json\/wp\/v2\/pages"}],"about":[{"href":"https:\/\/netfikirhost.com\/website\/essplus\/wp-json\/wp\/v2\/types\/page"}],"author":[{"embeddable":true,"href":"https:\/\/netfikirhost.com\/website\/essplus\/wp-json\/wp\/v2\/users\/1"}],"replies":[{"embeddable":true,"href":"https:\/\/netfikirhost.com\/website\/essplus\/wp-json\/wp\/v2\/comments?post=5835"}],"version-history":[{"count":0,"href":"https:\/\/netfikirhost.com\/website\/essplus\/wp-json\/wp\/v2\/pages\/5835\/revisions"}],"up":[{"embeddable":true,"href":"https:\/\/netfikirhost.com\/website\/essplus\/wp-json\/wp\/v2\/pages\/5858"}],"wp:featuredmedia":[{"embeddable":true,"href":"https:\/\/netfikirhost.com\/website\/essplus\/wp-json\/wp\/v2\/media\/5890"}],"wp:attachment":[{"href":"https:\/\/netfikirhost.com\/website\/essplus\/wp-json\/wp\/v2\/media?parent=5835"}],"curies":[{"name":"wp","href":"https:\/\/api.w.org\/{rel}","templated":true}]}}