{"id":5834,"date":"2026-04-14T14:47:15","date_gmt":"2026-04-14T11:47:15","guid":{"rendered":"https:\/\/netfikirhost.com\/website\/essplus\/anti-aging-cilt-genclestirme\/"},"modified":"2026-04-14T15:30:26","modified_gmt":"2026-04-14T12:30:26","slug":"anti-aging-cilt-genclestirme","status":"publish","type":"page","link":"https:\/\/netfikirhost.com\/website\/essplus\/hizmetlerimiz\/anti-aging-cilt-genclestirme\/","title":{"rendered":"Anti-Aging (Cilt Gen\u00e7le\u015ftirme)"},"content":{"rendered":"<p>Bu bak\u0131m cildin yenilenme ve savunma mekanizmas\u0131n\u0131 destekler. H\u00fccre yenilenmesini aktive ederken cildin elastikiyetini ve kolajenini g\u00fc\u00e7lendirir. Cildin nem dengesini sa\u011flayan muhte\u015fem bak\u0131md\u0131r. Anti-aging cilt bak\u0131m\u0131 h\u00fccre yenilenmesini tetikleyecek cilt alt\u0131 ihtiya\u00e7lar\u0131n\u0131 gidermeye y\u00f6nelik yap\u0131lan kapsaml\u0131 bir cilt bak\u0131m\u0131 uygulamas\u0131d\u0131r ama\u00e7 yava\u015flam\u0131\u015f cildi aktif maddeler ile canland\u0131rmak mimik k\u0131r\u0131\u015f\u0131kl\u0131klar\u0131n\u0131 onarmak ve hafifletmektir. Ayr\u0131ca cildin yenilenme ve savunma mekanizmas\u0131n\u0131 g\u00fc\u00e7lendirmek, cildin esneklik ve yuma\u015fakl\u0131\u011f\u0131n\u0131 desteklemek,su tutma kayb\u0131n\u0131 minimalize etmek anti-aging h\u00fccre yenileyici bak\u0131m\u0131n en \u00f6nemli faydalar\u0131ndand\u0131r.Genellikle 30 ya\u015f ve \u00fcst\u00fc bak\u0131m\u0131d\u0131r. Merkezimizde uzmanlar\u0131m\u0131z kontrol\u00fcnde ki\u015filerin cilt yap\u0131lar\u0131na ve ihtiya\u00e7lar\u0131na g\u00f6re anti-aging cilt bak\u0131m programlar\u0131 haz\u0131rlanmaktad\u0131r.<\/p>\n","protected":false},"excerpt":{"rendered":"<p>Bu bak\u0131m cildin yenilenme ve savunma mekanizmas\u0131n\u0131 destekler. H\u00fccre yenilenmesini aktive ederken cildin elastikiyetini ve kolajenini g\u00fc\u00e7lendirir. Cildin nem dengesini sa\u011flayan muhte\u015fem bak\u0131md\u0131r. Anti-aging cilt bak\u0131m\u0131 h\u00fccre yenilenmesini tetikleyecek cilt alt\u0131 ihtiya\u00e7lar\u0131n\u0131 gidermeye y\u00f6nelik yap\u0131lan kapsaml\u0131 bir cilt bak\u0131m\u0131 uygulamas\u0131d\u0131r ama\u00e7 yava\u015flam\u0131\u015f cildi aktif maddeler ile canland\u0131rmak mimik k\u0131r\u0131\u015f\u0131kl\u0131klar\u0131n\u0131 onarmak ve hafifletmektir. Ayr\u0131ca cildin yenilenme [&hellip;]<\/p>\n","protected":false},"author":1,"featured_media":5887,"parent":5858,"menu_order":0,"comment_status":"closed","ping_status":"closed","template":"","meta":{"footnotes":""},"class_list":["post-5834","page","type-page","status-publish","has-post-thumbnail","hentry"],"_links":{"self":[{"href":"https:\/\/netfikirhost.com\/website\/essplus\/wp-json\/wp\/v2\/pages\/5834","targetHints":{"allow":["GET"]}}],"collection":[{"href":"https:\/\/netfikirhost.com\/website\/essplus\/wp-json\/wp\/v2\/pages"}],"about":[{"href":"https:\/\/netfikirhost.com\/website\/essplus\/wp-json\/wp\/v2\/types\/page"}],"author":[{"embeddable":true,"href":"https:\/\/netfikirhost.com\/website\/essplus\/wp-json\/wp\/v2\/users\/1"}],"replies":[{"embeddable":true,"href":"https:\/\/netfikirhost.com\/website\/essplus\/wp-json\/wp\/v2\/comments?post=5834"}],"version-history":[{"count":0,"href":"https:\/\/netfikirhost.com\/website\/essplus\/wp-json\/wp\/v2\/pages\/5834\/revisions"}],"up":[{"embeddable":true,"href":"https:\/\/netfikirhost.com\/website\/essplus\/wp-json\/wp\/v2\/pages\/5858"}],"wp:featuredmedia":[{"embeddable":true,"href":"https:\/\/netfikirhost.com\/website\/essplus\/wp-json\/wp\/v2\/media\/5887"}],"wp:attachment":[{"href":"https:\/\/netfikirhost.com\/website\/essplus\/wp-json\/wp\/v2\/media?parent=5834"}],"curies":[{"name":"wp","href":"https:\/\/api.w.org\/{rel}","templated":true}]}}