{"id":5832,"date":"2026-04-14T14:47:15","date_gmt":"2026-04-14T11:47:15","guid":{"rendered":"https:\/\/netfikirhost.com\/website\/essplus\/epilasyon\/"},"modified":"2026-04-14T15:30:48","modified_gmt":"2026-04-14T12:30:48","slug":"epilasyon","status":"publish","type":"page","link":"https:\/\/netfikirhost.com\/website\/essplus\/hizmetlerimiz\/epilasyon\/","title":{"rendered":"Epilasyon"},"content":{"rendered":"<p>KALICI EP\u0130LASYON \u00d6zel cihazlar\u0131n \u0131\u015f\u0131n tekni\u011fiyle k\u0131l\u0131n melamin pigmentini hedef alarak k\u0131l molek\u00fcl\u00fcne etki eder. Di\u011fer doku ve organlar kesinlikle zarar g\u00f6rmez. V\u00fccuttaki istenmeyen k\u0131llardan %75 ile %90 aras\u0131nda kal\u0131c\u0131 olarak kurtulman\u0131n en etkili yoludur. Depilasyona g\u00f6re daha ekonomiktir. Epilasyon uygulanacak ki\u015finin ya\u015f\u0131, hormonel durumu, genetik ve metabolik fakt\u00f6rleri, ila\u00e7 kullan\u0131m\u0131 vs. \u00f6nemlidir. \u0130\u015flem \u00f6ncesi uzmanlar ile kapsaml\u0131 de\u011ferlendirme yap\u0131lmal\u0131d\u0131r. \u0130leri teknolojiye sahip buz ba\u015fl\u0131kl\u0131 lazer epilasyon sayesinde, d\u00f6rt mevsim t\u00fcm cilt tiplerine en ac\u0131s\u0131z y\u00f6ntemle uygulama yap\u0131labilir. K\u0131sa s\u00fcrede m\u00fckemmel sonu\u00e7lar elde edilebilir. Buz ba\u015fl\u0131kl\u0131 lazer epilasyon ile tan\u0131\u015fmak, \u015fimdiye kadar lazer epilasyon hakk\u0131nda bildi\u011finiz her \u015feyi s\u0131f\u0131rlamak anlam\u0131na gelir. \u00c7\u00fcnk\u00fc buz ba\u015fl\u0131kl\u0131 lazer teknolojisi ile ac\u0131 ve a\u011fr\u0131 yok denecek kadar az olup, d\u00f6rt mevsim lazer epilasyon yapt\u0131rabilme konforunu ESSPLUS G\u00dcZELL\u0130K MERKEZ\u0130 ile ya\u015fayabilirsiniz. Lazer epilasyon olduk\u00e7a g\u00fcvenli bir y\u00f6ntem olarak uygulanmaktad\u0131r. Lazer epilasyon uygulamas\u0131nda, lazer cihazlar\u0131 sadece Melanin Pigmentini hedef al\u0131r ve k\u0131l folik\u00fcl\u00fcne etki eder, di\u011fer cilt alt\u0131 dokular ve organlar kesinlikle zarar g\u00f6rmez. Lazer epilasyon yapt\u0131racak ki\u015fide, ya\u015f, hormon el durum, genetik fakt\u00f6rler, ila\u00e7 kullan\u0131m\u0131, metabolik fakt\u00f6rler \u00f6nemlidir. Bu nedenle i\u015flem \u00f6ncesi, uzmanlar taraf\u0131ndan kapsaml\u0131 bir bilgilendirme ve de\u011ferlendirme yap\u0131lmal\u0131d\u0131r. D\u00f6rt mevsim ve t\u00fcm cilt t\u00fcrlerine uygulanabilen buz ba\u015fl\u0131kl\u0131 lazer epilasyon ileri teknolojisi ile t\u00fcy renginiz, ten renginiz ne olursa olsun m\u00fckemmel ve k\u0131sa s\u00fcrede sonu\u00e7lar elde etmek m\u00fcmk\u00fcnd\u00fcr. \u00d6zellikle ac\u0131 e\u015fi\u011fi d\u00fc\u015f\u00fck ve k\u0131l yap\u0131s\u0131 sert olan erkeklerde sadece buz ba\u015fl\u0131kl\u0131 lazer teknolojisi ile ac\u0131 ve a\u011fr\u0131 en aza indirgenmi\u015f olup istenmeyen b\u00f6lgedeki (S\u0131rt ,G\u00f6\u011f\u00fcs , Ense, Boyun , Sakal \u00fcst\u00fc,Kulak \u00fcst\u00fc) t\u00fcylerinden konforlu bir \u015fekilde kurtulabilirsiniz. DEP\u0130LASYON V\u00fccudumuzdaki istenmeyen t\u00fcylerden kurtulma y\u00f6ntemidir.<\/p>\n","protected":false},"excerpt":{"rendered":"<p>KALICI EP\u0130LASYON \u00d6zel cihazlar\u0131n \u0131\u015f\u0131n tekni\u011fiyle k\u0131l\u0131n melamin pigmentini hedef alarak k\u0131l molek\u00fcl\u00fcne etki eder. Di\u011fer doku ve organlar kesinlikle zarar g\u00f6rmez. V\u00fccuttaki istenmeyen k\u0131llardan %75 ile %90 aras\u0131nda kal\u0131c\u0131 olarak kurtulman\u0131n en etkili yoludur. Depilasyona g\u00f6re daha ekonomiktir. Epilasyon uygulanacak ki\u015finin ya\u015f\u0131, hormonel durumu, genetik ve metabolik fakt\u00f6rleri, ila\u00e7 kullan\u0131m\u0131 vs. \u00f6nemlidir. \u0130\u015flem \u00f6ncesi [&hellip;]<\/p>\n","protected":false},"author":1,"featured_media":5893,"parent":5858,"menu_order":0,"comment_status":"closed","ping_status":"closed","template":"","meta":{"footnotes":""},"class_list":["post-5832","page","type-page","status-publish","has-post-thumbnail","hentry"],"_links":{"self":[{"href":"https:\/\/netfikirhost.com\/website\/essplus\/wp-json\/wp\/v2\/pages\/5832","targetHints":{"allow":["GET"]}}],"collection":[{"href":"https:\/\/netfikirhost.com\/website\/essplus\/wp-json\/wp\/v2\/pages"}],"about":[{"href":"https:\/\/netfikirhost.com\/website\/essplus\/wp-json\/wp\/v2\/types\/page"}],"author":[{"embeddable":true,"href":"https:\/\/netfikirhost.com\/website\/essplus\/wp-json\/wp\/v2\/users\/1"}],"replies":[{"embeddable":true,"href":"https:\/\/netfikirhost.com\/website\/essplus\/wp-json\/wp\/v2\/comments?post=5832"}],"version-history":[{"count":0,"href":"https:\/\/netfikirhost.com\/website\/essplus\/wp-json\/wp\/v2\/pages\/5832\/revisions"}],"up":[{"embeddable":true,"href":"https:\/\/netfikirhost.com\/website\/essplus\/wp-json\/wp\/v2\/pages\/5858"}],"wp:featuredmedia":[{"embeddable":true,"href":"https:\/\/netfikirhost.com\/website\/essplus\/wp-json\/wp\/v2\/media\/5893"}],"wp:attachment":[{"href":"https:\/\/netfikirhost.com\/website\/essplus\/wp-json\/wp\/v2\/media?parent=5832"}],"curies":[{"name":"wp","href":"https:\/\/api.w.org\/{rel}","templated":true}]}}