{"id":5827,"date":"2026-04-13T16:45:40","date_gmt":"2026-04-13T13:45:40","guid":{"rendered":"https:\/\/netfikirhost.com\/website\/essplus\/?page_id=5827"},"modified":"2026-04-13T16:45:40","modified_gmt":"2026-04-13T13:45:40","slug":"cerez-politikasi","status":"publish","type":"page","link":"https:\/\/netfikirhost.com\/website\/essplus\/cerez-politikasi\/","title":{"rendered":"\u00c7erez Politikas\u0131"},"content":{"rendered":"<p>\u0130\u015fbu \u00c7erez Kullan\u0131m\u0131&#8217;n\u0131n bildirimi\u00a0ESSPLUS G\u00dcZELL\u0130K SALONU\u00a0\u2019nun sahibi oldu\u011fu internet siteleri i\u00e7in ge\u00e7erli olacakt\u0131r. \u0130\u015fbu \u00c7erez Kullan\u0131m\u0131, Ki\u015fisel Verilerin Korunmas\u0131 Kanunu kapsam\u0131nda olu\u015fturulmu\u015f olup; internet sitesinde \u00e7erezlerin kullan\u0131m\u0131n\u0131 a\u00e7\u0131klamak amac\u0131yla haz\u0131rlanm\u0131\u015ft\u0131r.<\/p>\n<div>\n<p>\u00c7erez (Cookie) nedir?<\/p>\n<\/div>\n<p>\u00c7erezler (cookies), internet siteleri taraf\u0131ndan bilgisayar\u0131n\u0131za yerle\u015ftirilen k\u00fc\u00e7\u00fck metin dosyalar\u0131d\u0131r. Site her ziyaret edildi\u011finde bu dosyalar i\u015flenir. \u00c7erezler, sitenin \u00e7al\u0131\u015fmas\u0131 ve\/veya ayr\u0131ca site sahibinin fikir edinmesi amac\u0131yla kullan\u0131labilir.<\/p>\n<p>AB Gizlilik ve Elektronik \u0130leti\u015fim Y\u00f6netmeli\u011fine g\u00f6re; ziyaret\u00e7i r\u0131zas\u0131 al\u0131nmadan kullan\u0131c\u0131 bilgilerini toplamak \u00fczere \u00e7erez (cookies) kullan\u0131lamaz!<\/p>\n<p>\u00c7erezlerle hangi veriler al\u0131nabilir?<\/p>\n<p>\u0130nternet site \u00e7erezlerinde, t\u00fcr\u00fcne ba\u011fl\u0131 olarak; ziyaret etti\u011finiz cihazdaki tarama ve kullan\u0131m tercihlerinize ili\u015fkin veriler toplanmaktad\u0131r. Bu veriler, eri\u015fti\u011finiz sayfalar, inceledi\u011finiz hizmet ve \u00fcr\u00fcnler, tercih etti\u011finiz dil se\u00e7ene\u011fi ve di\u011fer tercihlerinize dair bilgileri i\u00e7erebilir.<\/p>\n<p>\u00c7erezleri hangi ama\u00e7larla kullan\u0131yoruz?<\/p>\n<p>\u00c7erezleri (cookies) i\u015flevsellik, analiz ve reklam i\u00e7in kullan\u0131yoruz. Sitemizi geli\u015ftirme ve \u00fcr\u00fcnlerimiz hakk\u0131nda daha g\u00fcncel bilgi sa\u011flaman\u0131n yollar\u0131n\u0131 ar\u0131yoruz. Bunu yapmak i\u00e7in sitemizi nas\u0131l kulland\u0131\u011f\u0131n\u0131z\u0131 anlamak bizim i\u00e7in \u00f6nemli. \u00c7erezler (cookies) daha iyi deneyim sunmam\u0131za yard\u0131m edebilir. \u00d6rne\u011fin, ilgin\u00e7 buldu\u011funuz bir \u015feyi sosyal medyada be\u011fenmek (like) veya Tweet atmak isteyebilirsiniz, \u00e7erezler (cookies) bunu kolayla\u015ft\u0131r\u0131r.<\/p>\n<p>\u00c7erezden, sitenin nas\u0131l kullan\u0131ld\u0131\u011f\u0131n\u0131 anlamak amac\u0131yla; taray\u0131c\u0131 t\u00fcr\u00fc ve i\u015fletim sistemi, referans sayfas\u0131, site i\u00e7inde izlenen yol, ISP alan\u0131 ve benzeri Ki\u015fisel verileri toplarken faydalan\u0131yoruz. \u00c7erezler arac\u0131l\u0131\u011f\u0131yla elde edilecek t\u00fcm bilgiler\u00a0\u00a0ESSPLUS G\u00dcZELL\u0130K SALONU\u00a0veya \u00f6nceden belirlenmi\u015f \u00dc\u00e7\u00fcnc\u00fc Taraflar d\u0131\u015f\u0131na bildirilmeyecektir. \u0130stenmeyen ileti\u015fim i\u00e7in de kullan\u0131lmayacakt\u0131r. Bilgisayar\u0131n\u0131zda bulunan \u00e7erezler ad\u0131n\u0131z\u0131 de\u011fil, IP adresinizi i\u00e7erir. Kullan\u0131c\u0131 oturumu sona erdikten sonra \u00e7erezlerin i\u00e7inde yer alan bilgiler taraf\u0131m\u0131zca kullan\u0131lamaz. \u0130nternet sitemizde \u00e7erez kullan\u0131m\u0131n\u0131n ba\u015fl\u0131ca faydalar\u0131 ise \u015f\u00f6yledir:<\/p>\n<p>\u00b7\u00a0\u00a0\u00a0\u00a0\u00a0\u00a0 Sitesinin performans\u0131n\u0131 artt\u0131rmak,<\/p>\n<p>\u00b7\u00a0\u00a0\u00a0\u00a0\u00a0\u00a0 Sunulan hizmetleri geli\u015ftirmek ve kolayla\u015ft\u0131rmak,<\/p>\n<p>\u00b7\u00a0\u00a0\u00a0\u00a0\u00a0\u00a0 Yeni \u00f6zellikler sunmak ve \u00f6zellikleri tercihlerinize g\u00f6re ki\u015fiselle\u015ftirmek,<\/p>\n<p>\u00b7\u00a0\u00a0\u00a0\u00a0\u00a0\u00a0 Site \u00fczerinden sahte (spam) i\u015flemlerin ger\u00e7ekle\u015ftirilmesini \u00f6nlemek<\/p>\n<p>ESSPLUS G\u00dcZELL\u0130K SALONU\u00a0internet sitelerinde ne t\u00fcr \u00e7erezler kullan\u0131lmaktad\u0131r?<\/p>\n<table border=\"1\" cellspacing=\"0\" cellpadding=\"0\" align=\"left\">\n<tbody>\n<tr>\n<td valign=\"top\">\u00c7erez T\u00fcr\u00fc<\/td>\n<td valign=\"top\">Saklanma S\u00fcresi<\/td>\n<\/tr>\n<tr>\n<td valign=\"top\">a) \u0130nternet sitesi i\u015flevsellik \u00e7erezleri<\/p>\n<p>\u0130\u015fbu \u00e7erezler, internet sitesinde gezinti yapman\u0131za ve site ile etkile\u015fimde bulunman\u0131za olanak sa\u011flamaktad\u0131r. \u0130\u015fbu \u00e7erezler internet sitesine yapt\u0131\u011f\u0131n\u0131z bir \u00f6nceki ziyareti hat\u0131rlayarak i\u00e7eriklere rahat\u00e7a eri\u015fmenizi sa\u011flar. \u0130nternet sitesinin d\u00fczg\u00fcn bir \u015fekilde \u00e7al\u0131\u015fmas\u0131 i\u00e7in gerekli olan \u00e7erezlerdir, kullan\u0131m d\u0131\u015f\u0131 b\u0131rakt\u0131\u011f\u0131n\u0131z takdirde internet sitesinin belirli b\u00f6l\u00fcmleri sizin i\u00e7in gerekli i\u015flevleri yerine getirmeyebilir.<\/td>\n<td valign=\"top\">Gerekli oldu\u011fu s\u00fcrece<\/td>\n<\/tr>\n<tr>\n<td valign=\"top\">b) \u0130nternet sitesi analiz \u00e7erezleri<\/p>\n<p>\u0130\u015fbu \u00e7erezler, i\u015flevselli\u011fi ve deneyiminizi geli\u015ftirmek \u00fczere, internet sitelerimizi nas\u0131l kulland\u0131\u011f\u0131n\u0131z\u0131, hangi sayfalar\u0131m\u0131z\u0131n daha fazla ilgi \u00e7ekti\u011fini, hangi kaynaklar\u0131n daha \u00e7ok g\u00f6r\u00fcnt\u00fclendi\u011fini g\u00f6rmemize yarayan, sitelerimizdeki trafi\u011fi g\u00f6rerek bu trafi\u011fe uygun hizmet vermemizi sa\u011flayan veriler i\u00e7erir ve bu verilerin analizinde kullan\u0131l\u0131r. \u0130\u015fbu \u00e7erezler bilgiyi\u00a0anonim\u00a0olarak depolar.<\/td>\n<td valign=\"top\">90 g\u00fcn<\/td>\n<\/tr>\n<tr>\n<td valign=\"top\">c) Kullan\u0131c\u0131 tercihi \u00e7erezleri<\/p>\n<p>Sitemizi gezerken, i\u015fbu \u00e7erezler tercihlerinizi (diliniz veya konumunuz gibi) ve bize sunmay\u0131 tercih etti\u011finiz di\u011fer bilgilerinizi hat\u0131rlayacakt\u0131r ve biz de bu sayede deneyiminizi \u015fekillendirme ve sizin i\u00e7in daha uygun ve ki\u015fisel hale getirme imk\u00e2n\u0131n\u0131 bulabilece\u011fiz.<\/td>\n<td valign=\"top\">90 g\u00fcn<\/td>\n<\/tr>\n<tr>\n<td valign=\"top\">d) Reklam veya hedefleme \u00e7erezleri<\/p>\n<p>\u0130\u015fbu \u00e7erezler, daha \u00f6nce ilgilendi\u011finiz \u00fcr\u00fcnlerimizi size hat\u0131rlatmak \u00fczere kullan\u0131labilir. Ayr\u0131ca reklamlar\u0131m\u0131z\u0131 s\u0131n\u0131rland\u0131rmakta ve kampanyalar\u0131m\u0131z\u0131n etkinli\u011fini \u00f6l\u00e7mekte kullan\u0131l\u0131r. \u00dcr\u00fcn beklentileriniz, ortaklar\u0131m\u0131z ile payla\u015f\u0131labilir.<\/td>\n<td valign=\"top\">90 g\u00fcn<\/td>\n<\/tr>\n<tr>\n<td valign=\"top\">e) Sosyal medya \u00e7erezleri<\/p>\n<p>\u0130\u015fbu \u00e7erezler, bir sosyal medya payla\u015f\u0131m tu\u015funu kullanmak suretiyle bilgi payla\u015fman\u0131z durumunda kullan\u0131lmaktad\u0131r. Sosyal a\u011f, yapt\u0131\u011f\u0131n\u0131z i\u015flemleri kaydedecektir. \u0130\u015fbu bilgileri hedefleme\/reklam faaliyetleri ile ili\u015fkilendirebilir.<\/td>\n<td valign=\"top\">90 g\u00fcn<\/td>\n<\/tr>\n<\/tbody>\n<\/table>\n<p>&nbsp;<\/p>\n<p>A\u015fa\u011f\u0131da belirtti\u011fimiz \u00e7erez t\u00fcrlerini kullanmaktay\u0131z:<\/p>\n<p>Sizi nas\u0131l bilgilendiriyoruz?<\/p>\n<p>Herhangi bir\u00a0ESSPLUS G\u00dcZELL\u0130K SALONU\u00a0sitesine girdi\u011finizde, burada belirtildi\u011fi gibi, \u00e7erez (cookie) kullan\u0131m\u0131 ile ilgili sizi uyaran bir a\u00e7\u0131klama sayfas\u0131 olacakt\u0131r.<\/p>\n<p>Bildirim g\u00fcncellemesi<\/p>\n<p>\u0130\u015fbu Bildirim kapsam\u0131nda de\u011fi\u015fiklik veya d\u00fczeltme yapma hakk\u0131m\u0131z\u0131 sakl\u0131 tutmaktay\u0131z. S\u00f6z konusu de\u011fi\u015fiklik veya d\u00fczeltmeleri ve yeni ilave bilgileri g\u00f6zden ge\u00e7irmek \u00fczere zaman zaman bu sayfay\u0131 inceleyiniz. G\u00fcncellemeleri\u00a0ESSPLUS G\u00dcZELL\u0130K SALONU\u00a0\u0130nternet Sitelerinde ve uygun yerlerde yay\u0131nlayaca\u011f\u0131z.<\/p>\n","protected":false},"excerpt":{"rendered":"<p>\u0130\u015fbu \u00c7erez Kullan\u0131m\u0131&#8217;n\u0131n bildirimi\u00a0ESSPLUS G\u00dcZELL\u0130K SALONU\u00a0\u2019nun sahibi oldu\u011fu internet siteleri i\u00e7in ge\u00e7erli olacakt\u0131r. \u0130\u015fbu \u00c7erez Kullan\u0131m\u0131, Ki\u015fisel Verilerin Korunmas\u0131 Kanunu kapsam\u0131nda olu\u015fturulmu\u015f olup; internet sitesinde \u00e7erezlerin kullan\u0131m\u0131n\u0131 a\u00e7\u0131klamak amac\u0131yla haz\u0131rlanm\u0131\u015ft\u0131r. \u00c7erez (Cookie) nedir? \u00c7erezler (cookies), internet siteleri taraf\u0131ndan bilgisayar\u0131n\u0131za yerle\u015ftirilen k\u00fc\u00e7\u00fck metin dosyalar\u0131d\u0131r. Site her ziyaret edildi\u011finde bu dosyalar i\u015flenir. \u00c7erezler, sitenin \u00e7al\u0131\u015fmas\u0131 ve\/veya ayr\u0131ca [&hellip;]<\/p>\n","protected":false},"author":1,"featured_media":0,"parent":0,"menu_order":0,"comment_status":"closed","ping_status":"closed","template":"","meta":{"footnotes":""},"class_list":["post-5827","page","type-page","status-publish","hentry"],"_links":{"self":[{"href":"https:\/\/netfikirhost.com\/website\/essplus\/wp-json\/wp\/v2\/pages\/5827","targetHints":{"allow":["GET"]}}],"collection":[{"href":"https:\/\/netfikirhost.com\/website\/essplus\/wp-json\/wp\/v2\/pages"}],"about":[{"href":"https:\/\/netfikirhost.com\/website\/essplus\/wp-json\/wp\/v2\/types\/page"}],"author":[{"embeddable":true,"href":"https:\/\/netfikirhost.com\/website\/essplus\/wp-json\/wp\/v2\/users\/1"}],"replies":[{"embeddable":true,"href":"https:\/\/netfikirhost.com\/website\/essplus\/wp-json\/wp\/v2\/comments?post=5827"}],"version-history":[{"count":0,"href":"https:\/\/netfikirhost.com\/website\/essplus\/wp-json\/wp\/v2\/pages\/5827\/revisions"}],"wp:attachment":[{"href":"https:\/\/netfikirhost.com\/website\/essplus\/wp-json\/wp\/v2\/media?parent=5827"}],"curies":[{"name":"wp","href":"https:\/\/api.w.org\/{rel}","templated":true}]}}