{"id":5821,"date":"2026-04-13T16:44:40","date_gmt":"2026-04-13T13:44:40","guid":{"rendered":"https:\/\/netfikirhost.com\/website\/essplus\/?page_id=5821"},"modified":"2026-04-13T16:44:40","modified_gmt":"2026-04-13T13:44:40","slug":"gizlilik-sozlesmesi","status":"publish","type":"page","link":"https:\/\/netfikirhost.com\/website\/essplus\/gizlilik-sozlesmesi\/","title":{"rendered":"Gizlilik S\u00f6zle\u015fmesi"},"content":{"rendered":"<p>Bu web sitesini ziyaret etmeniz ve bu site vas\u0131tas\u0131yla sundu\u011fumuz hizmetlerden yararlanman\u0131z s\u0131ras\u0131nda, size ve talep etti\u011finiz hizmetlere ili\u015fkin olarak elde etti\u011fimiz bilgilerin ne \u015fekilde kullan\u0131laca\u011f\u0131 ve korunaca\u011f\u0131, i\u015fbu &#8220;Gizlilik Politikas\u0131&#8221;nda belirtilen \u015fartlara tabidir. Bu web sitesini ziyaret etmekle ve bu site vas\u0131tas\u0131yla sundu\u011fumuz hizmetlerden yararlanmay\u0131 talep etmekle i\u015fbu &#8220;Gizlilik Politikas\u0131&#8221;nda belirtilen \u015fartlar\u0131 kabul etmektesiniz.<\/p>\n<p>I. Ki\u015fisel verilerin korunmas\u0131 ve i\u015flenmesi politikas\u0131n\u0131n amac\u0131<\/p>\n<p>Bug\u00fcne kadar ESSPLUS G\u00dcZELL\u0130K SALONU (DB G\u00dcZELL\u0130K MERKEZ\u0130 MED\u0130KAL DANI\u015eMANLIK SAN. ve T\u0130C. LTD. \u015eT\u0130.) olarak u\u011fra\u015ft\u0131\u011f\u0131m\u0131z i\u015flerin hassasiyeti gere\u011fince m\u00fc\u015fterilerimizden ya da m\u00fc\u015fteri adaylar\u0131m\u0131zdan gelen veriler gizli tutulmu\u015f ve hi\u00e7bir zaman \u00fc\u00e7\u00fcnc\u00fc ki\u015filerle payla\u015f\u0131lmam\u0131\u015ft\u0131r. Ki\u015fisel verilerin korunmas\u0131, \u015firketimizin temel politikas\u0131d\u0131r. Herhangi bir yasal d\u00fczenleme olmadan \u00f6nce de \u015firket ve i\u015ftiraklerimiz, ki\u015fisel verilerin gizlili\u011fine b\u00fcy\u00fck \u00f6nem vermi\u015f ve bunu bir \u00e7al\u0131\u015fma ilkesi olarak benimsemi\u015f ve \u00e7al\u0131\u015fanlar\u0131na da bu ilke do\u011frultusunda \u00e7al\u0131\u015fma talimatlar\u0131n\u0131 vermi\u015ftir. Ki\u015fisel Verilerin Korunmas\u0131 Kanunu\u2019nun getirdi\u011fi b\u00fct\u00fcn sorumluluklara uymay\u0131 da ESSPLUS G\u00dcZELL\u0130K SALONU ( DB G\u00dcZELL\u0130K MERKEZ\u0130 MED\u0130KAL DANI\u015eMANLIK SAN. ve T\u0130C. LTD. \u015eT\u0130.) olarak taahh\u00fct etmekteyiz. \u015eirketimizin ki\u015fisel verilerin korunmas\u0131na ili\u015fkin prensipleri, i\u015ftiraklerimizi de kapsamaktad\u0131r.<\/p>\n<p>II. Ki\u015fisel verilerin korunmas\u0131 ve i\u015flenmesi politikas\u0131n\u0131n kapsam\u0131 ve de\u011fi\u015ftirilmesi<\/p>\n<p>\u015eirketimiz taraf\u0131ndan haz\u0131rlanan bu Politika, 6698 say\u0131l\u0131 Ki\u015fisel Verilerin Korunmas\u0131 Kanunu\u2019na (&#8220;KVKK\u201d) uygun olarak haz\u0131rlanm\u0131\u015ft\u0131r. Kanun, bug\u00fcn itibariyle b\u00fct\u00fcn h\u00fck\u00fcmleri ile y\u00fcr\u00fcrl\u00fc\u011fe girmi\u015ftir. Sizlerden r\u0131zan\u0131zla ya da Kanunda say\u0131lan di\u011fer hukuka uygunluk gere\u011fi elde edilmi\u015f veriler, sunmu\u015f oldu\u011fumuz hizmetlerin daha kaliteli hale getirilmesi, sizlere sunulan hizmetlerin ve kalite politikam\u0131z\u0131n iyile\u015ftirilmesi amac\u0131yla kullan\u0131lacakt\u0131r. Yine elimizdeki baz\u0131 veriler ise, ki\u015fisel olmaktan \u00e7\u0131kar\u0131lmakta ve anonimle\u015ftirilmektedir. Bu veriler, istatistiki ama\u00e7larla kullan\u0131lan verilerdir ve Kanun uygulamas\u0131na ve Politikam\u0131za tabi de\u011fildir. ESSPLUS G\u00dcZELL\u0130K SALONU ( DB G\u00dcZELL\u0130K MERKEZ\u0130 MED\u0130KAL DANI\u015eMANLIK SAN. ve T\u0130C. LTD. \u015eT\u0130.) \u00a0Ki\u015fisel Verilerin Korunmas\u0131 ve \u0130\u015flenmesi Politikas\u0131, m\u00fc\u015fterilerimizin, m\u00fc\u015fteri adaylar\u0131m\u0131z\u0131n, \u00e7al\u0131\u015fanlar\u0131m\u0131z ile bizimle \u00e7\u00f6z\u00fcm ortakl\u0131\u011f\u0131 i\u00e7inde \u00e7al\u0131\u015fan \u015firketlerin m\u00fc\u015fterileri ve \u00e7al\u0131\u015fanlar\u0131n\u0131n ya da di\u011fer ki\u015filerin otomatik olarak elde edilen verilerinin korunmas\u0131n\u0131 ama\u00e7lar ve bunlara ili\u015fkin d\u00fczenlemeleri i\u00e7erir.<\/p>\n<p>\u015eirketimiz, politikam\u0131z\u0131 ve Y\u00f6netmeli\u011fimizi -Kanuna uygun olmak ve ki\u015fisel verilerin daha iyi korunmas\u0131 \u015fart\u0131 ile- de\u011fi\u015ftirme hakk\u0131na sahiptir.<\/p>\n<p>III. Ki\u015fisel verilerin i\u015flenmesi ile ilgili temel kurallar<\/p>\n<p>a) Hukuka ve d\u00fcr\u00fcstl\u00fck kurallar\u0131na uygun olma: ESSPLUS G\u00dcZELL\u0130K SALONU ( DB G\u00dcZELL\u0130K MERKEZ\u0130 MED\u0130KAL DANI\u015eMANLIK SAN. ve T\u0130C. LTD. \u015eT\u0130.) toplad\u0131\u011f\u0131 ya da kendisine di\u011fer \u015firketlerden gelen verilerin kayna\u011f\u0131n\u0131 sorgular ve bunlar\u0131n hukuka uygun ve d\u00fcr\u00fcstl\u00fck kurallar\u0131 \u00e7er\u00e7evesinde elde edilmesine \u00f6nem verir. Bu \u00e7er\u00e7evede ESSPLUS G\u00dcZELL\u0130K SALONU ( DB G\u00dcZELL\u0130K MERKEZ\u0130 MED\u0130KAL DANI\u015eMANLIK SAN. ve T\u0130C. LTD. \u015eT\u0130.)\u2019nin sundu\u011fu hizmetleri satan \u00fc\u00e7\u00fcnc\u00fc taraflara (acentelerin ve di\u011fer arac\u0131 kurumlar\u0131n da) ki\u015fisel verilere korunmas\u0131 amac\u0131yla gerekli uyar\u0131 ve bildirimleri yapar.<\/p>\n<p>&nbsp;<\/p>\n<p>b) Do\u011fru ve gerekti\u011finde g\u00fcncel olma: ESSPLUS G\u00dcZELL\u0130K SALONU ( DB G\u00dcZELL\u0130K MERKEZ\u0130 MED\u0130KAL DANI\u015eMANLIK SAN. ve T\u0130C. LTD. \u015eT\u0130.) ,kurum b\u00fcnyesinde bulunan b\u00fct\u00fcn verilerin do\u011fru bilgi olmas\u0131na, yanl\u0131\u015f bilgi i\u00e7ermemesine ve nihayet ki\u015fisel verilerde de\u011fi\u015fiklik oldu\u011fu takdirde bunlar\u0131 kendisine iletildi\u011fi takdirde g\u00fcncellemeye \u00f6nem verir.<\/p>\n<p>&nbsp;<\/p>\n<p>c) Belirli, a\u00e7\u0131k ve me\u015fru ama\u00e7lar i\u00e7in i\u015flenme: ESSPLUS G\u00dcZELL\u0130K SALONU ( DB G\u00dcZELL\u0130K MERKEZ\u0130 MED\u0130KAL DANI\u015eMANLIK SAN. ve T\u0130C. LTD. \u015eT\u0130.) \u00a0ancak sundu\u011fu ve hizmet s\u0131ras\u0131nda ki\u015filerden onay\u0131n\u0131 ald\u0131\u011f\u0131 ama\u00e7larla s\u0131n\u0131rl\u0131 \u015fekilde verileri i\u015fler. \u0130\u015f amac\u0131 d\u0131\u015f\u0131nda verileri i\u015flemez, kullanmaz ve kulland\u0131rtmaz.<\/p>\n<p>&nbsp;<\/p>\n<p>d) \u0130\u015flendikleri ama\u00e7la ba\u011flant\u0131l\u0131, s\u0131n\u0131rl\u0131 ve \u00f6l\u00e7\u00fcl\u00fc olma: ESSPLUS G\u00dcZELL\u0130K SALONU ( DB G\u00dcZELL\u0130K MERKEZ\u0130 MED\u0130KAL DANI\u015eMANLIK SAN. ve T\u0130C. LTD. \u015eT\u0130.) sadece verileri i\u015flendikleri ama\u00e7la s\u0131n\u0131rl\u0131 ve hizmetin gerektirdi\u011fi \u00f6l\u00e7\u00fcde kullan\u0131r.<\/p>\n<p>&nbsp;<\/p>\n<p>e) \u0130lgili mevzuatta \u00f6ng\u00f6r\u00fclen veya i\u015flendikleri ama\u00e7 i\u00e7in gerekli olan s\u00fcre kadar muhafaza edilme: ESSPLUS G\u00dcZELL\u0130K SALONU ( DB G\u00dcZELL\u0130K MERKEZ\u0130 MED\u0130KAL DANI\u015eMANLIK SAN. ve T\u0130C. LTD. \u015eT\u0130.) , s\u00f6zle\u015fmeler kaynakl\u0131 verileri Kanunun ihtilaf \u00e7\u0131kma s\u00fcreleri, ticaret ve vergi hukukunun gereklilikleri kadar b\u00fcnyesinde muhafaza eder. Buna kar\u015f\u0131n bu ama\u00e7lar ortadan kalkt\u0131\u011f\u0131nda veriyi siler ya da anonimle\u015ftirir.<\/p>\n<p>\u00d6nemle belirtelim ki, ESSPLUS G\u00dcZELL\u0130K SALONU ( DB G\u00dcZELL\u0130K MERKEZ\u0130 MED\u0130KAL DANI\u015eMANLIK SAN. ve T\u0130C. LTD. \u015eT\u0130.) ,verileri ister r\u0131za isterse kanuna uygun bir \u015fekilde toplam\u0131\u015f ya da i\u015flemi\u015f olsun yine de yukar\u0131da s\u0131ralad\u0131\u011f\u0131m\u0131z bu ilkeler ge\u00e7erlidir.<\/p>\n<p>Ki\u015fisel Verileri Koruma Kanunu m.11\u2019e g\u00f6re a\u015fa\u011f\u0131da say\u0131lan haklar\u0131n\u0131z bulunmaktad\u0131r. Bu haklar\u0131n\u0131z\u0131 kolayla\u015ft\u0131rmak i\u00e7in sizler i\u00e7in ayr\u0131ca bir ba\u015fvuru formu da ESSPLUS G\u00dcZELL\u0130K SALONU ( DB G\u00dcZELL\u0130K MERKEZ\u0130 MED\u0130KAL DANI\u015eMANLIK SAN. ve T\u0130C. LTD. \u015eT\u0130.) \u00a0taraf\u0131ndan haz\u0131rlanm\u0131\u015ft\u0131r.<\/p>\n<p>Ki\u015fisel verileri i\u015flenen ki\u015filer, ESSPLUS G\u00dcZELL\u0130K SALONU ( DB G\u00dcZELL\u0130K MERKEZ\u0130 MED\u0130KAL DANI\u015eMANLIK SAN. ve T\u0130C. LTD. \u015eT\u0130.) taraf\u0131ndan web sayfam\u0131zda duyurulan ilgilimize ba\u015fvurarak kendi verisi ile ilgili olarak;<\/p>\n<p>a) Ki\u015fisel verinizin i\u015flenip i\u015flenmedi\u011fini \u00f6\u011frenme,<\/p>\n<p>b) Ki\u015fisel verileri i\u015flenmi\u015fse buna ili\u015fkin bilgi talep etme,<\/p>\n<p>c) Ki\u015fisel verilerin i\u015flenme amac\u0131n\u0131 ve bunlar\u0131n amac\u0131na uygun kullan\u0131l\u0131p kullan\u0131lmad\u0131\u011f\u0131n\u0131 \u00f6\u011frenme,<\/p>\n<p>\u00e7) Yurt i\u00e7inde veya yurt d\u0131\u015f\u0131nda ki\u015fisel verilerin aktar\u0131ld\u0131\u011f\u0131 \u00fc\u00e7\u00fcnc\u00fc ki\u015fileri bilme,<\/p>\n<p>d) Ki\u015fisel verilerin eksik veya yanl\u0131\u015f i\u015flenmi\u015f olmas\u0131 h\u00e2linde bunlar\u0131n d\u00fczeltilmesini isteme,<\/p>\n<p>e) Kanunda \u00f6ng\u00f6r\u00fclen \u015fartlar \u00e7er\u00e7evesinde ki\u015fisel verilerin silinmesini veya yok edilmesini isteme,<\/p>\n<p>f) (d) ve (e) bentleri uyar\u0131nca yap\u0131lan i\u015flemlerin, ki\u015fisel verilerin aktar\u0131ld\u0131\u011f\u0131 \u00fc\u00e7\u00fcnc\u00fc ki\u015filere bildirilmesini isteme,<\/p>\n<p>g) \u0130\u015flenen verilerin m\u00fcnhas\u0131ran otomatik sistemler vas\u0131tas\u0131yla analiz edilmesi suretiyle ki\u015finin kendisi aleyhine bir sonucun ortaya \u00e7\u0131kmas\u0131na itiraz etme,<\/p>\n<p>\u011f) Ki\u015fisel verilerin kanuna ayk\u0131r\u0131 olarak i\u015flenmesi sebebiyle zarara u\u011framas\u0131 h\u00e2linde zarar\u0131n giderilmesini talep etme,<\/p>\n<p>haklar\u0131na sahiptir. ESSPLUS G\u00dcZELL\u0130K SALONU ( DB G\u00dcZELL\u0130K MERKEZ\u0130 MED\u0130KAL DANI\u015eMANLIK SAN. ve T\u0130C. LTD. \u015eT\u0130.) \u00a0olarak bu haklara sayg\u0131l\u0131y\u0131z.<\/p>\n<p>Azami Tasarruf \u0130lkesi\/Cimrilik \u0130lkesi<\/p>\n<p>Azami tasarruf ilkesi ya da cimrilik ilkesi ad\u0131 verilen bu ilkemize g\u00f6re\u2019 ESSPLUS G\u00dcZELL\u0130K SALONU ( DB G\u00dcZELL\u0130K MERKEZ\u0130 MED\u0130KAL DANI\u015eMANLIK SAN. ve T\u0130C. LTD. \u015eT\u0130.) \u2018ye ula\u015fan veriler, ancak gerekli oldu\u011fu kadar sisteme i\u015flenir. Bu nedenle hangi verileri toplayaca\u011f\u0131m\u0131z amaca g\u00f6re belirlenir. Gerekli olmayan veriler toplanmaz. \u015eirketimize intikal eden di\u011fer veriler de ayn\u0131 \u015fekilde \u015firket bili\u015fim sistemlerine aktar\u0131l\u0131r. Fazlal\u0131k bilgiler, sisteme kaydedilmez, silinir ya da anonim hale getirilir. Bu veriler, istatistiki ama\u00e7larla kullan\u0131labilir. \u00d6zel nitelikli verilerden sa\u011fl\u0131k verileri sadece m\u00fc\u015fterilere daha iyi hizmet vermek ve onlar\u0131n sa\u011fl\u0131\u011f\u0131n\u0131 korumak amac\u0131yla al\u0131n\u0131r ve sistemde \u00f6zenle tutulur.<\/p>\n<p>Ki\u015fisel verilerin silinmesi<\/p>\n<p>Kanunen saklanmas\u0131 gereken s\u00fcrelerin dolmas\u0131, yarg\u0131 s\u00fcre\u00e7lerinin tamamlanmas\u0131 ya da di\u011fer gereklilikler ortadan kalkt\u0131\u011f\u0131nda \u015firketimiz taraf\u0131ndan bu veriler kendili\u011finden ya da ilgili ki\u015finin talebi \u00fczerine ki\u015fisel veriler silinir, yok edilir ya da anonim hale getirilir.<\/p>\n<p>Do\u011fruluk ve veri g\u00fcncelli\u011fi<\/p>\n<p>ESSPLUS G\u00dcZELL\u0130K SALONU ( DB G\u00dcZELL\u0130K MERKEZ\u0130 MED\u0130KAL DANI\u015eMANLIK SAN. ve T\u0130C. LTD. \u015eT\u0130.) b\u00fcnyesinde bulunan veriler, kural olarak ilgili ki\u015filerin beyan\u0131 \u00fczerine beyan etti\u011fi \u015fekilde i\u015flenir. ESSPLUS G\u00dcZELL\u0130K SALONU ( DB G\u00dcZELL\u0130K MERKEZ\u0130 MED\u0130KAL DANI\u015eMANLIK SAN. ve T\u0130C. LTD. \u015eT\u0130.), m\u00fc\u015fteriler ya da ESSPLUS G\u00dcZELL\u0130K SALONU ( DB G\u00dcZELL\u0130K MERKEZ\u0130 MED\u0130KAL DANI\u015eMANLIK SAN. ve T\u0130C. LTD. \u015eT\u0130.) ile temas kuran ki\u015filerin beyan etti\u011fi verilerin do\u011frulu\u011funu ara\u015ft\u0131rmak zorunda olmad\u0131\u011f\u0131 gibi bu hukuken ve \u00e7al\u0131\u015fma ilkelerimiz nedeniyle de yap\u0131lmaz. Beyan edilen veriler, do\u011fru kabul edilir. Ki\u015fisel verilerin do\u011frulu\u011fu ve g\u00fcncelli\u011fi ilkesi ESSPLUS G\u00dcZELL\u0130K SALONU ( DB G\u00dcZELL\u0130K MERKEZ\u0130 MED\u0130KAL DANI\u015eMANLIK SAN. ve T\u0130C. LTD. \u015eT\u0130.) \u00a0taraf\u0131ndan da benimsenmi\u015ftir. \u015eirketimizin kendisine ula\u015fan resm\u00ee belgelerden veya ilgilisinin talebi \u00fczerine i\u015flemi\u015f oldu\u011fu ki\u015fisel verileri g\u00fcnceller. Bunun i\u00e7in gerekli \u00f6nlemleri al\u0131r.<\/p>\n<p>Gizlilik ve veri g\u00fcvenli\u011fi<\/p>\n<p>Ki\u015fisel veriler gizlidir ve ESSPLUS G\u00dcZELL\u0130K SALONU ( DB G\u00dcZELL\u0130K MERKEZ\u0130 MED\u0130KAL DANI\u015eMANLIK SAN. ve T\u0130C. LTD. \u015eT\u0130.) \u00a0bu gizlili\u011fe riayet etmektedir. Ki\u015fisel verilere \u015firket i\u00e7inde ancak yetki verilmi\u015f ki\u015filer ula\u015fabilir. ESSPLUS G\u00dcZELL\u0130K SALONU ( DB G\u00dcZELL\u0130K MERKEZ\u0130 MED\u0130KAL DANI\u015eMANLIK SAN. ve T\u0130C. LTD. \u015eT\u0130.) \u00a0taraf\u0131ndan toplanan ki\u015fisel verilerin korunmas\u0131 ve yetkisiz ki\u015filerin eline ge\u00e7memesi ve m\u00fc\u015fterilerimizin ve m\u00fc\u015fteri adaylar\u0131m\u0131z\u0131n ma\u011fdur olmamas\u0131 i\u00e7in gerekli teknik ve idari b\u00fct\u00fcn tedbirler al\u0131nmaktad\u0131r. Bu \u00e7er\u00e7evede yaz\u0131l\u0131mlar\u0131n standartlara uygun olmas\u0131, \u00fc\u00e7\u00fcnc\u00fc partilerin \u00f6zenle se\u00e7ilmesi ve \u015firket i\u00e7inde de veri koruma politikas\u0131na riayet edilmesi sa\u011flanmaktad\u0131r.<\/p>\n<p>IV. Veri i\u015fleme ama\u00e7lar\u0131<\/p>\n<p>ESSPLUS G\u00dcZELL\u0130K SALONU ( DB G\u00dcZELL\u0130K MERKEZ\u0130 MED\u0130KAL DANI\u015eMANLIK SAN. ve T\u0130C. LTD. \u015eT\u0130.)\u2019nin ki\u015fisel verileri toplanmas\u0131 ve i\u015flenmesi ayd\u0131nlatma metninde belirtilen ama\u00e7lar do\u011frultusunda icra edilecektir. Veriler, s\u00f6zle\u015fmenin kurulmas\u0131 ve m\u00fc\u015fterilere daha iyi hizmet sa\u011flanmas\u0131 amac\u0131yla toplanmakta ve i\u015flenmektedir.<\/p>\n<p>V. M\u00fc\u015fteri, muhtemel m\u00fc\u015fteri ve i\u015f ve \u00e7\u00f6z\u00fcm ortaklar\u0131 verisi<\/p>\n<p>S\u00f6zle\u015fme ili\u015fkisi i\u00e7in verinin toplanmas\u0131 ve i\u015flenmesi<\/p>\n<p>M\u00fc\u015fterilerimiz ve muhtemel m\u00fc\u015fterilerimizle bir s\u00f6zle\u015fme ili\u015fkisi kurulmu\u015f ise, toplanm\u0131\u015f olan ki\u015fisel veriler, m\u00fc\u015fterinin onay\u0131 al\u0131nmaks\u0131z\u0131n kullan\u0131labilir. Ancak bu kullan\u0131m, s\u00f6zle\u015fme amac\u0131 do\u011frultusunda ger\u00e7ekle\u015fir. S\u00f6zle\u015fmenin daha iyi icras\u0131 ve hizmetin gereklilikleri \u00f6l\u00e7\u00fcs\u00fcnde veriler kullan\u0131l\u0131r ve gerekti\u011finde m\u00fc\u015fterilerle irtibata ge\u00e7ilerek g\u00fcncellenir. Buna kar\u015f\u0131n m\u00fc\u015fteri adaylar\u0131m\u0131z\u0131n (muhtemel m\u00fc\u015fteri) bize kendileri taraf\u0131ndan b\u0131rakm\u0131\u015f oldu\u011fu veriler, onlara sonras\u0131nda daha kolay ve kaliteli hizmet sunmak i\u00e7in i\u015flenir. Bu veriler talepleri halinde bir s\u00f6zle\u015fme ili\u015fkisine d\u00f6n\u00fc\u015fmemi\u015fse silinir.<\/p>\n<p>\u0130\u015f ve \u00c7\u00f6z\u00fcm Ortaklar\u0131 Verileri<\/p>\n<p>ESSPLUS G\u00dcZELL\u0130K SALONU ( DB G\u00dcZELL\u0130K MERKEZ\u0130 MED\u0130KAL DANI\u015eMANLIK SAN. ve T\u0130C. LTD. \u015eT\u0130.), gerek i\u015f gerekse \u00e7\u00f6z\u00fcm ortaklar\u0131 ile veri payla\u015f\u0131m\u0131 yaparken hukuka uygun davranmay\u0131 ilke edinir. \u0130\u015f ve \u00e7\u00f6z\u00fcm ortaklar\u0131 ile veri gizlili\u011fi taahh\u00fcd\u00fc ile ve ancak hizmetin gerektirdi\u011fi kadar veri payla\u015f\u0131lmakta ve bu taraflardan mutlaka veri g\u00fcvenli\u011finin al\u0131nmas\u0131na ili\u015fkin tedbirleri almaya zorlanmaktad\u0131r.<\/p>\n<p>Reklam ama\u00e7l\u0131 veri i\u015fleme<\/p>\n<p>E-Ticaretin D\u00fczenlenmesi Hk. Kanun ile Ticari \u0130leti\u015fim ve Ticari Elektronik \u0130letiler Hk. Y\u00f6netmeli\u011fe uygun olarak ancak \u00f6nceden onay al\u0131nan ki\u015filere reklam ama\u00e7l\u0131 elektronik ileti g\u00f6nderilebilir. Reklam\u0131n g\u00f6nderilece\u011fi ki\u015finin onay\u0131n\u0131n a\u00e7\u0131k bir \u015fekilde mevcudiyeti \u015fartt\u0131r. Yine ayn\u0131 mevzuat uyar\u0131nca belirlenen &#8220;onay\u201d\u0131n detaylar\u0131na ESSPLUS G\u00dcZELL\u0130K SALONU ( DB G\u00dcZELL\u0130K MERKEZ\u0130 MED\u0130KAL DANI\u015eMANLIK SAN. ve T\u0130C. LTD. \u015eT\u0130.)\u00a0 \u00a0riayet etmektedir. Al\u0131nacak onay, \u015firketinizin mal ve hizmetlerini tan\u0131tmak, pazarlamak, i\u015fletmesini tan\u0131tmak ya da kutlama ve temenni gibi i\u00e7eriklerle tan\u0131n\u0131rl\u0131\u011f\u0131n\u0131 art\u0131rmak amac\u0131yla al\u0131c\u0131lar\u0131n elektronik ileti\u015fim adreslerine g\u00f6nderdi\u011fi t\u00fcm ticari elektronik iletileri kapsamal\u0131d\u0131r. Bu onay, yaz\u0131l\u0131 olarak fiziki ortamda veya her t\u00fcrl\u00fc elektronik ileti\u015fim arac\u0131yla al\u0131nabilir. \u00d6nemli olan, al\u0131c\u0131n\u0131n ticari elektronik ileti g\u00f6nderilmesini kabul etti\u011fine dair olumlu irade beyan\u0131, ad\u0131 ve soyad\u0131 ile elektronik ileti\u015fim adresinin bulunmas\u0131d\u0131r.<\/p>\n<p>\u015eirketin hukuki y\u00fck\u00fcml\u00fcl\u00fc\u011f\u00fc veya kanunda a\u00e7\u0131k\u00e7a \u00f6ng\u00f6r\u00fclmesi sebebiyle yap\u0131lan veri i\u015flemleri<\/p>\n<p>Ki\u015fisel veriler, i\u015flemenin ilgili mevzuatta a\u00e7\u0131k\u00e7a belirtilmesi veya mevzuatla belirlenen bir hukuki y\u00fck\u00fcml\u00fcl\u00fc\u011f\u00fcn yerine getirilmesi amac\u0131yla ayr\u0131ca onay al\u0131nmadan i\u015flenebilir. Veri i\u015flemlerinin t\u00fcr ve kapsam\u0131, yasal olarak izin verilen veri i\u015fleme faaliyeti i\u00e7in gerekli olmal\u0131 ve ilgili yasal h\u00fck\u00fcmlere uygun olmal\u0131d\u0131r.<\/p>\n<p>\u015eirketin veri i\u015flemesi<\/p>\n<p>\u015eirketin sundu\u011fu hizmet ve me\u015fru ama\u00e7lar\u0131 do\u011frultusunda ki\u015fisel veriler i\u015flenebilir. Ancak veriler hi\u00e7bir \u015fekilde hukuka ayk\u0131r\u0131 hizmetler i\u00e7in kullan\u0131lamaz.<\/p>\n<p>\u00d6zel nitelikli verilerin i\u015flenmesi<\/p>\n<p>Kanun\u2019a g\u00f6re Ki\u015filerin \u0131rk\u0131, etnik k\u00f6keni, siyasi d\u00fc\u015f\u00fcncesi, felsefi inanc\u0131, dini, mezhebi veya di\u011fer inan\u00e7lar\u0131, k\u0131l\u0131k ve k\u0131yafeti, dernek, vak\u0131f ya da sendika \u00fcyeli\u011fi, sa\u011fl\u0131\u011f\u0131, cinsel hayat\u0131, ceza mahk\u00fbmiyeti ve g\u00fcvenlik tedbirleriyle ilgili verileri ile biyometrik ve genetik verileri \u00f6zel nitelikli ki\u015fisel veridir. ESSPLUS G\u00dcZELL\u0130K SALONU ( DB G\u00dcZELL\u0130K MERKEZ\u0130 MED\u0130KAL DANI\u015eMANLIK SAN. ve T\u0130C. LTD. \u015eT\u0130.) ayr\u0131ca, \u00f6zel nitelikli ki\u015fisel verilerin i\u015flenmesinde, ayr\u0131ca Kurul taraf\u0131ndan belirlenen yeterli \u00f6nlemleri al\u0131r.<\/p>\n<p>ESSPLUS G\u00dcZELL\u0130K SALONU ( DB G\u00dcZELL\u0130K MERKEZ\u0130 MED\u0130KAL DANI\u015eMANLIK SAN. ve T\u0130C. LTD. \u015eT\u0130.) ,hizmetlerin daha iyi verilebilmesi i\u00e7in ki\u015filerin onay\u0131 ile \u00f6zel nitelikli verileri ancak topland\u0131klar\u0131 ama\u00e7 i\u00e7in i\u015fleyebilir.<\/p>\n<p>Otomatik sistemlerle i\u015flenen veriler<\/p>\n<p>Otomatik sistemler arac\u0131l\u0131\u011f\u0131 ile i\u015flenen veriler konusunda ESSPLUS G\u00dcZELL\u0130K SALONU ( DB G\u00dcZELL\u0130K MERKEZ\u0130 MED\u0130KAL DANI\u015eMANLIK SAN. ve T\u0130C. LTD. \u015eT\u0130.), Kanuna uygun davran\u0131r. Ki\u015filerin a\u00e7\u0131k r\u0131zas\u0131 olmaks\u0131z\u0131n bu verilerden elde edilen bilgiler ki\u015fi aleyhine kullan\u0131lamaz. Ancak ESSPLUS G\u00dcZELL\u0130K SALONU ( DB G\u00dcZELL\u0130K MERKEZ\u0130 MED\u0130KAL DANI\u015eMANLIK SAN. ve T\u0130C. LTD. \u015eT\u0130.), kendi sistemindeki verileri kullanarak i\u015flem yapaca\u011f\u0131 ki\u015filerle ilgili kararlar alabilir.<\/p>\n<p>Kullan\u0131c\u0131 bilgileri ve internet<\/p>\n<p>ESSPLUS G\u00dcZELL\u0130K SALONU ( DB G\u00dcZELL\u0130K MERKEZ\u0130 MED\u0130KAL DANI\u015eMANLIK SAN. ve T\u0130C. LTD. \u015eT\u0130.)\u2019ye ait web siteleri ve di\u011fer sistemlerde veya uygulamalarda ki\u015fisel verilerin toplanmas\u0131, i\u015flenmesi ve kullan\u0131lmas\u0131 durumunda ilgili ki\u015filer gizlilik bildirimi ile ve gerekirse \u00e7erezler hakk\u0131nda bilgilendirilir. Ki\u015filer, web sayfalar\u0131ndaki uygulamalar\u0131m\u0131z konusunda bilgilendirilir. Ki\u015fisel veriler, hukuka uygun olarak i\u015flenecektir.<\/p>\n","protected":false},"excerpt":{"rendered":"<p>Bu web sitesini ziyaret etmeniz ve bu site vas\u0131tas\u0131yla sundu\u011fumuz hizmetlerden yararlanman\u0131z s\u0131ras\u0131nda, size ve talep etti\u011finiz hizmetlere ili\u015fkin olarak elde etti\u011fimiz bilgilerin ne \u015fekilde kullan\u0131laca\u011f\u0131 ve korunaca\u011f\u0131, i\u015fbu &#8220;Gizlilik Politikas\u0131&#8221;nda belirtilen \u015fartlara tabidir. Bu web sitesini ziyaret etmekle ve bu site vas\u0131tas\u0131yla sundu\u011fumuz hizmetlerden yararlanmay\u0131 talep etmekle i\u015fbu &#8220;Gizlilik Politikas\u0131&#8221;nda belirtilen \u015fartlar\u0131 kabul etmektesiniz. [&hellip;]<\/p>\n","protected":false},"author":1,"featured_media":0,"parent":0,"menu_order":0,"comment_status":"closed","ping_status":"closed","template":"","meta":{"footnotes":""},"class_list":["post-5821","page","type-page","status-publish","hentry"],"_links":{"self":[{"href":"https:\/\/netfikirhost.com\/website\/essplus\/wp-json\/wp\/v2\/pages\/5821","targetHints":{"allow":["GET"]}}],"collection":[{"href":"https:\/\/netfikirhost.com\/website\/essplus\/wp-json\/wp\/v2\/pages"}],"about":[{"href":"https:\/\/netfikirhost.com\/website\/essplus\/wp-json\/wp\/v2\/types\/page"}],"author":[{"embeddable":true,"href":"https:\/\/netfikirhost.com\/website\/essplus\/wp-json\/wp\/v2\/users\/1"}],"replies":[{"embeddable":true,"href":"https:\/\/netfikirhost.com\/website\/essplus\/wp-json\/wp\/v2\/comments?post=5821"}],"version-history":[{"count":0,"href":"https:\/\/netfikirhost.com\/website\/essplus\/wp-json\/wp\/v2\/pages\/5821\/revisions"}],"wp:attachment":[{"href":"https:\/\/netfikirhost.com\/website\/essplus\/wp-json\/wp\/v2\/media?parent=5821"}],"curies":[{"name":"wp","href":"https:\/\/api.w.org\/{rel}","templated":true}]}}