{"id":55,"date":"2016-06-13T15:48:45","date_gmt":"2016-06-13T15:48:45","guid":{"rendered":"http:\/\/sw-themes.com\/porto_dummy\/?page_id=55"},"modified":"2026-04-15T15:49:00","modified_gmt":"2026-04-15T12:49:00","slug":"hakkimizda","status":"publish","type":"page","link":"https:\/\/netfikirhost.com\/website\/essplus\/hakkimizda\/","title":{"rendered":"Hakk\u0131m\u0131zda"},"content":{"rendered":"\t\t<div data-elementor-type=\"wp-post\" data-elementor-id=\"55\" class=\"elementor elementor-55\">\n\t\t\t\t<div class=\"elementor-element elementor-element-f1df03e e-flex e-con-boxed e-con e-parent\" data-id=\"f1df03e\" data-element_type=\"container\" data-e-type=\"container\">\r\n\t\t\t\t\t<div class=\"e-con-inner\">\r\n\t\t\t\t<div class=\"elementor-element elementor-element-171d845 elementor-widget elementor-widget-text-editor\" data-id=\"171d845\" data-element_type=\"widget\" data-e-type=\"widget\" data-widget_type=\"text-editor.default\">\n\t\t\t\t<div class=\"elementor-widget-container\">\n\t\t\t\t\t\t\t\t\t<div class=\"sec-title\"><h1>Essplus&#8217;a Ho\u015fgeldiniz<\/h1><div class=\"border\">\u00a0<\/div><\/div><div class=\"col-lg-12 col-md-12 col-sm-12 col-xs-12\"><div class=\"text-holder\"><div>A\u015fkla Hizmetler<\/div><div class=\"inner-content\"><div><div>Essplus estetik mimarisi ve g\u00fclery\u00fczl\u00fc\u00a0 uzman kadrosu ile sizlere hizmet sunmaktan mutluluk duyar.<\/div><div>\u00a0<\/div><div>G\u00fczellik Merkezimizde;<\/div><div>en son teknoloji ile donat\u0131lm\u0131\u015f cihazlar\u0131m\u0131zla uygulama yaparken kulland\u0131\u011f\u0131m\u0131z\u00a0 dermakozmetik \u00fcr\u00fcnlerle ba\u015far\u0131 oran\u0131m\u0131z\u0131 m\u00fckemmele ta\u015f\u0131yoruz.Uygulamalar\u0131m\u0131z hakk\u0131nda detayl\u0131 bilgi hizmetlerimiz k\u0131sm\u0131ndad\u0131r.<\/div><\/div><\/div><\/div><\/div><p><br \/><br \/><\/p><div>\u00a0<\/div><div class=\"sec-title\"><h1>Ne Yap\u0131yoruz?<\/h1><div class=\"border\">\u00a0<\/div><\/div><div class=\"col-lg-12 col-md-12 col-sm-12 col-xs-12\"><div class=\"text-holder\"><div><div>Her\u015fey sizin i\u00e7in<\/div><\/div><div class=\"inner-content\"><div><div><div>Essplus G\u00fczellik Merkezi Ve Akademisinde sizler i\u00e7in g\u00fczellik,estetik ve akademi dallar\u0131nda\u00a0 hizmet verilmektedir.<\/div><div>\u00a0<\/div><div>G\u00fczellik;<\/div><div>y\u00fcz ve bedeninizde g\u00fczelli\u011finize sa\u011fl\u0131kla g\u00fczellik katacak her t\u00fcrl\u00fc i\u015flem i\u00e7in Essplus sizleri bekliyor.Ayak t\u0131rna\u011f\u0131n\u0131zdan sa\u00e7\u0131n\u0131za kadar akl\u0131n\u0131za gelebilecek her t\u00fcrl\u00fc bak\u0131m Essplusta.<\/div><div>\u00a0<\/div><div>Estetik;<\/div><div>g\u00fczelli\u011fe dair her uygulama ile Essplus G\u00fczellik Merkezi esteti\u011fi tamaml\u0131yor.<\/div><\/div><\/div><\/div><\/div><\/div>\t\t\t\t\t\t\t\t<\/div>\n\t\t\t\t<\/div>\n\t\t\t\t\t<\/div>\n\t\t\t\t<\/div>\n\t\t\t\t<\/div>\n\t\t","protected":false},"excerpt":{"rendered":"<p>Essplus&#8217;a Ho\u015fgeldiniz A\u015fkla HizmetlerEssplus estetik mimarisi ve g\u00fclery\u00fczl\u00fc\u00a0 uzman kadrosu ile sizlere hizmet sunmaktan mutluluk duyar.\u00a0G\u00fczellik Merkezimizde;en son teknoloji ile donat\u0131lm\u0131\u015f cihazlar\u0131m\u0131zla uygulama yaparken kulland\u0131\u011f\u0131m\u0131z\u00a0 dermakozmetik \u00fcr\u00fcnlerle ba\u015far\u0131 oran\u0131m\u0131z\u0131 m\u00fckemmele ta\u015f\u0131yoruz.Uygulamalar\u0131m\u0131z hakk\u0131nda detayl\u0131 bilgi hizmetlerimiz k\u0131sm\u0131ndad\u0131r. Ne Yap\u0131yoruz? Her\u015fey sizin i\u00e7inEssplus G\u00fczellik Merkezi Ve Akademisinde sizler i\u00e7in g\u00fczellik,estetik ve akademi dallar\u0131nda\u00a0 hizmet verilmektedir.\u00a0G\u00fczellik;y\u00fcz ve bedeninizde [&hellip;]<\/p>\n","protected":false},"author":1,"featured_media":0,"parent":0,"menu_order":0,"comment_status":"closed","ping_status":"closed","template":"","meta":{"footnotes":""},"class_list":["post-55","page","type-page","status-publish","hentry"],"_links":{"self":[{"href":"https:\/\/netfikirhost.com\/website\/essplus\/wp-json\/wp\/v2\/pages\/55","targetHints":{"allow":["GET"]}}],"collection":[{"href":"https:\/\/netfikirhost.com\/website\/essplus\/wp-json\/wp\/v2\/pages"}],"about":[{"href":"https:\/\/netfikirhost.com\/website\/essplus\/wp-json\/wp\/v2\/types\/page"}],"author":[{"embeddable":true,"href":"https:\/\/netfikirhost.com\/website\/essplus\/wp-json\/wp\/v2\/users\/1"}],"replies":[{"embeddable":true,"href":"https:\/\/netfikirhost.com\/website\/essplus\/wp-json\/wp\/v2\/comments?post=55"}],"version-history":[{"count":0,"href":"https:\/\/netfikirhost.com\/website\/essplus\/wp-json\/wp\/v2\/pages\/55\/revisions"}],"wp:attachment":[{"href":"https:\/\/netfikirhost.com\/website\/essplus\/wp-json\/wp\/v2\/media?parent=55"}],"curies":[{"name":"wp","href":"https:\/\/api.w.org\/{rel}","templated":true}]}}